{"id":607161,"date":"2025-08-13T12:20:45","date_gmt":"2025-08-13T10:20:45","guid":{"rendered":"https:\/\/lucacastelli.com\/prodotto\/milwaukee-winter-abbruchhandschuhe-3\/"},"modified":"2025-08-13T12:20:45","modified_gmt":"2025-08-13T10:20:45","slug":"milwaukee-winter-abbruchhandschuhe-3","status":"publish","type":"product","link":"https:\/\/lucacastelli.com\/de\/produkt\/milwaukee-winter-abbruchhandschuhe-3\/","title":{"rendered":"Milwaukee Winter Abbruchhandschuhe"},"content":{"rendered":"<p>WINTER-ARBEITSHANDSCHUHEIMPACT-3XL\/12<br \/>\nIsolierung mit doppeltem Acrylfutter, um die H\u00e4nde bei der Arbeit in rauen Umgebungen oder mit kalten Gegenst\u00e4nden warm zu halten; winddichte Schicht auf der Handfl\u00e4che sorgt f\u00fcr zus\u00e4tzliche W\u00e4rmeisolierung in extremen Umgebungen; gepolsterte Handfl\u00e4che und Fingerspitzen f\u00fcr Strapazierf\u00e4higkeit und Komfort beim Umgang mit schweren Ger\u00e4tenSMARTSWIPE\u2122 &#8211; Leitf\u00e4higer Gewebeeinsatz am Kn\u00f6chel des Zeigefingers, mit dem Touchscreen-Ger\u00e4te bedient werden k\u00f6nnen, ohne den Handschuh ausziehen zu m\u00fcssen; schwei\u00dfresistente Frottee-Oberfl\u00e4che am Daumen, mit der der Schwei\u00df von der Stirn abgewischt werden kann; europ\u00e4ische Zertifizierung f\u00fcr K\u00e4lte und mechanischen Schutz: EN ISO 21420:2020, EN388 (2122A) und EN511 (14X);Klettverschluss, f\u00fcr maximalen Komfort<\/p>\n<p>4932480976<br \/>\n4058546412616<\/p>\n","protected":false},"excerpt":{"rendered":"<p>WINTER-ARBEITSHANDSCHUHEIMPACT-3XL\/12<\/p>\n","protected":false},"featured_media":554624,"template":"","meta":{"_seopress_robots_primary_cat":"","_seopress_titles_title":"","_seopress_titles_desc":"","_seopress_robots_index":""},"product_brand":[3407],"product_cat":[21,284],"product_tag":[3270],"class_list":{"0":"post-607161","1":"product","2":"type-product","3":"status-publish","4":"has-post-thumbnail","6":"product_brand-milwaukee","7":"product_cat-abbigliamento","8":"product_cat-abbigliamento-da-lavoro","9":"product_tag-import-milwau","10":"sws-gruppo-abb-libero-de","11":"sws-conto-ricavi-merci-rivendita-abbigliamento-de","12":"sws-conto-ricavi-merci-rivendita-macchinari-de","13":"sws-gruppo-iva-iva81-de","15":"first","16":"onbackorder","17":"shipping-taxable","18":"purchasable","19":"product-type-simple"},"_links":{"self":[{"href":"https:\/\/lucacastelli.com\/de\/wp-json\/wp\/v2\/product\/607161","targetHints":{"allow":["GET"]}}],"collection":[{"href":"https:\/\/lucacastelli.com\/de\/wp-json\/wp\/v2\/product"}],"about":[{"href":"https:\/\/lucacastelli.com\/de\/wp-json\/wp\/v2\/types\/product"}],"wp:featuredmedia":[{"embeddable":true,"href":"https:\/\/lucacastelli.com\/de\/wp-json\/wp\/v2\/media\/554624"}],"wp:attachment":[{"href":"https:\/\/lucacastelli.com\/de\/wp-json\/wp\/v2\/media?parent=607161"}],"wp:term":[{"taxonomy":"product_brand","embeddable":true,"href":"https:\/\/lucacastelli.com\/de\/wp-json\/wp\/v2\/product_brand?post=607161"},{"taxonomy":"product_cat","embeddable":true,"href":"https:\/\/lucacastelli.com\/de\/wp-json\/wp\/v2\/product_cat?post=607161"},{"taxonomy":"product_tag","embeddable":true,"href":"https:\/\/lucacastelli.com\/de\/wp-json\/wp\/v2\/product_tag?post=607161"}],"curies":[{"name":"wp","href":"https:\/\/api.w.org\/{rel}","templated":true}]}}