{"id":607157,"date":"2025-08-13T12:44:09","date_gmt":"2025-08-13T10:44:09","guid":{"rendered":"https:\/\/lucacastelli.com\/prodotto\/trabaldo-eclipse-fleecejacke-m\/"},"modified":"2026-03-02T16:16:04","modified_gmt":"2026-03-02T15:16:04","slug":"trabaldo-eclipse-fleecejacke-m","status":"publish","type":"product","link":"https:\/\/lucacastelli.com\/de\/produkt\/trabaldo-eclipse-fleecejacke-m\/","title":{"rendered":"TRABALDO ECLIPSE Fleece-Jacke &#8211; M"},"content":{"rendered":"<p>Nennen Sie es nicht Fleece, nennen Sie es nicht Daunenjacke, es ist einfach ECLIPSE. Diese Hybrid-Jacke ist der perfekte Kompromiss zwischen W\u00e4rme, Funktionalit\u00e4t und Packma\u00df f\u00fcr den Bergj\u00e4ger, der ein vielseitiges Produkt ben\u00f6tigt, das sich an die extremen Wetterumschw\u00fcnge im Gebirge anpasst. Thermisch und komprimierbar macht ECLIPSE Body-Mapping zu seiner St\u00e4rke. Die PRIMALOFT\u00ae-Wattierung sch\u00fctzt den Rumpf und den R\u00fccken vor K\u00e4lte, w\u00e4hrend die Fleece-\u00c4rmel mit Grid-Struktur mehr Bewegungsfreiheit und Atmungsaktivit\u00e4t bei geringem Gewicht und Volumen garantieren. Der Einsatz unter den Armen und an den Seiten aus POLARTEC\u00ae POWER AIR\u2122 (100 % recycelt) ist hochgradig atmungsaktiv und thermisch: In jeder einzelnen Zelle ist ein Polyestergarn eingekapselt, das ein Luftpolster bildet, welches als Isolator fungiert. Das Ergebnis ist ein Stoff mit weichem Griff und hohen isolierenden Eigenschaften bei geringem Volumen und hoher Elastizit\u00e4t. Die f\u00fcr die ALPINE CHALLENGE-Linie typischen Verst\u00e4rkungen aus TITANIAL-Gewebe an Schultern und H\u00fcften sch\u00fctzen das Kleidungsst\u00fcck vor dem Scheuern von Rucks\u00e4cken. Zwei gro\u00dfe Fronttaschen vervollst\u00e4ndigen die Ausstattung.       <\/p>\n","protected":false},"excerpt":{"rendered":"<p>Nennen Sie es nicht Fleece, nennen Sie es nicht Daunenjacke, es ist einfach ECLIPSE. Diese Hybrid-Jacke ist der perfekte Kompromiss<\/p>\n","protected":false},"featured_media":606999,"template":"","meta":{"_seopress_robots_primary_cat":"none","_seopress_titles_title":"","_seopress_titles_desc":"","_seopress_robots_index":""},"product_brand":[3674],"product_cat":[82,1382],"product_tag":[],"class_list":{"0":"post-607157","1":"product","2":"type-product","3":"status-publish","4":"has-post-thumbnail","6":"product_brand-trabaldo-gino-de","7":"product_cat-kleidung","8":"product_cat-arbeitskleidung","9":"sws-gruppo-abb-libero-de","10":"sws-conto-ricavi-merci-rivendita-abbigliamento-de","11":"sws-gruppo-iva-iva81-de","13":"first","14":"instock","15":"sale","16":"shipping-taxable","17":"purchasable","18":"product-type-simple"},"_links":{"self":[{"href":"https:\/\/lucacastelli.com\/de\/wp-json\/wp\/v2\/product\/607157","targetHints":{"allow":["GET"]}}],"collection":[{"href":"https:\/\/lucacastelli.com\/de\/wp-json\/wp\/v2\/product"}],"about":[{"href":"https:\/\/lucacastelli.com\/de\/wp-json\/wp\/v2\/types\/product"}],"wp:featuredmedia":[{"embeddable":true,"href":"https:\/\/lucacastelli.com\/de\/wp-json\/wp\/v2\/media\/606999"}],"wp:attachment":[{"href":"https:\/\/lucacastelli.com\/de\/wp-json\/wp\/v2\/media?parent=607157"}],"wp:term":[{"taxonomy":"product_brand","embeddable":true,"href":"https:\/\/lucacastelli.com\/de\/wp-json\/wp\/v2\/product_brand?post=607157"},{"taxonomy":"product_cat","embeddable":true,"href":"https:\/\/lucacastelli.com\/de\/wp-json\/wp\/v2\/product_cat?post=607157"},{"taxonomy":"product_tag","embeddable":true,"href":"https:\/\/lucacastelli.com\/de\/wp-json\/wp\/v2\/product_tag?post=607157"}],"curies":[{"name":"wp","href":"https:\/\/api.w.org\/{rel}","templated":true}]}}