{"id":607155,"date":"2025-08-13T12:20:43","date_gmt":"2025-08-13T10:20:43","guid":{"rendered":"https:\/\/lucacastelli.com\/prodotto\/milwaukee-hochfeste-arbeitshandschuhe\/"},"modified":"2025-08-13T12:20:43","modified_gmt":"2025-08-13T10:20:43","slug":"milwaukee-hochfeste-arbeitshandschuhe","status":"publish","type":"product","link":"https:\/\/lucacastelli.com\/de\/produkt\/milwaukee-hochfeste-arbeitshandschuhe\/","title":{"rendered":"Milwaukee Hochfeste Arbeitshandschuhe"},"content":{"rendered":"<p>DEMOLITION GLOVES &#8211; 7\/S &#8211; 1PC<br \/>\nHandfl\u00e4che und Fingerspitzen sind mit ARMORTEX\u2122 verst\u00e4rkt. F\u00fcr erh\u00f6hte Strapazierf\u00e4higkeit und Schutz;SMARTSWIPE\u2122- Leitf\u00e4higer Gewebeeinsatz auf dem Kn\u00f6chel des Zeigefingers, der die Nutzung von Touchscreen-Ger\u00e4ten erm\u00f6glicht, ohne den Handschuh ausziehen zu m\u00fcssen;Atmungsaktives Synthetikgewebe auf dem Handr\u00fccken, f\u00fcr maximalen Komfort und Atmungsaktivit\u00e4t;Kn\u00f6chelschutz mit TPR (thermoplastischer Gummi) Verst\u00e4rkung;Mit Schwamm \u00fcberzogener Daumen, der es erm\u00f6glicht, Schwei\u00df von der Stirn abzuwischen;Klettverschluss f\u00fcr maximalen Halt und Komfort bei der Anwendung;Europ\u00e4ische Zertifizierung f\u00fcr mechanischen Schutz: EN ISO 21420 und EN388:2016 (2121X) <\/p>\n<p>4932479730<br \/>\n4058546375249<\/p>\n","protected":false},"excerpt":{"rendered":"<p>ABBRUCHHANDSCHUHE &#8211; 7\/S &#8211; 1ST.<\/p>\n","protected":false},"featured_media":484070,"template":"","meta":{"_seopress_robots_primary_cat":"","_seopress_titles_title":"","_seopress_titles_desc":"","_seopress_robots_index":""},"product_brand":[3656],"product_cat":[1382,82],"product_tag":[3272],"class_list":{"0":"post-607155","1":"product","2":"type-product","3":"status-publish","4":"has-post-thumbnail","6":"product_brand-milwaukee-de","7":"product_cat-arbeitskleidung","8":"product_cat-kleidung","9":"product_tag-import-milwau-de","10":"sws-gruppo-abb-libero-de","11":"sws-conto-ricavi-merci-rivendita-abbigliamento-de","12":"sws-conto-ricavi-merci-rivendita-macchinari-de","13":"sws-gruppo-iva-iva81-de","15":"first","16":"onbackorder","17":"shipping-taxable","18":"purchasable","19":"product-type-simple"},"_links":{"self":[{"href":"https:\/\/lucacastelli.com\/de\/wp-json\/wp\/v2\/product\/607155","targetHints":{"allow":["GET"]}}],"collection":[{"href":"https:\/\/lucacastelli.com\/de\/wp-json\/wp\/v2\/product"}],"about":[{"href":"https:\/\/lucacastelli.com\/de\/wp-json\/wp\/v2\/types\/product"}],"wp:featuredmedia":[{"embeddable":true,"href":"https:\/\/lucacastelli.com\/de\/wp-json\/wp\/v2\/media\/484070"}],"wp:attachment":[{"href":"https:\/\/lucacastelli.com\/de\/wp-json\/wp\/v2\/media?parent=607155"}],"wp:term":[{"taxonomy":"product_brand","embeddable":true,"href":"https:\/\/lucacastelli.com\/de\/wp-json\/wp\/v2\/product_brand?post=607155"},{"taxonomy":"product_cat","embeddable":true,"href":"https:\/\/lucacastelli.com\/de\/wp-json\/wp\/v2\/product_cat?post=607155"},{"taxonomy":"product_tag","embeddable":true,"href":"https:\/\/lucacastelli.com\/de\/wp-json\/wp\/v2\/product_tag?post=607155"}],"curies":[{"name":"wp","href":"https:\/\/api.w.org\/{rel}","templated":true}]}}