{"id":607152,"date":"2025-08-13T12:20:42","date_gmt":"2025-08-13T10:20:42","guid":{"rendered":"https:\/\/lucacastelli.com\/prodotto\/milwaukee-allgemeine-arbeitshandschuhe\/"},"modified":"2025-08-13T12:20:42","modified_gmt":"2025-08-13T10:20:42","slug":"milwaukee-allgemeine-arbeitshandschuhe","status":"publish","type":"product","link":"https:\/\/lucacastelli.com\/de\/produkt\/milwaukee-allgemeine-arbeitshandschuhe\/","title":{"rendered":"Milwaukee Allgemeine Arbeitshandschuhe"},"content":{"rendered":"<p>FREE-FLEX WORK GLOVES &#8211; 7\/S &#8211; 1PC<br \/>\nSMARTSWIPE\u2122- Leitf\u00e4higer Gewebeeinsatz an Zeigefingerkn\u00f6chel und Fingerspitzen. Erm\u00f6glicht die Nutzung von Touchscreen-Ger\u00e4ten, ohne den Handschuh ausziehen zu m\u00fcssen; flexible und elastische Handschuhe; leicht und atmungsaktiv; verst\u00e4rkte Handfl\u00e4che; hohe Fingerfertigkeit w\u00e4hrend des Gebrauchs; schaumstoffbeschichteter Daumenbereich, damit Schwei\u00df von der Stirn abgewischt werden kann; europ\u00e4ische Zertifizierung f\u00fcr mechanischen Schutz: EN ISO 21420:2020 und EN388:2016 (2121X) <\/p>\n<p>4932479729<br \/>\n4058546375232<\/p>\n","protected":false},"excerpt":{"rendered":"<p>FREE-FLEX WORK GLOVES &#8211; 7\/S &#8211; 1PC<\/p>\n","protected":false},"featured_media":544628,"template":"","meta":{"_seopress_robots_primary_cat":"","_seopress_titles_title":"","_seopress_titles_desc":"","_seopress_robots_index":""},"product_brand":[3656],"product_cat":[82,1382],"product_tag":[3272],"class_list":{"0":"post-607152","1":"product","2":"type-product","3":"status-publish","4":"has-post-thumbnail","6":"product_brand-milwaukee-de","7":"product_cat-kleidung","8":"product_cat-arbeitskleidung","9":"product_tag-import-milwau-de","10":"sws-gruppo-abb-libero-de","11":"sws-conto-ricavi-merci-rivendita-abbigliamento-de","12":"sws-conto-ricavi-merci-rivendita-macchinari-de","13":"sws-gruppo-iva-iva81-de","15":"first","16":"onbackorder","17":"shipping-taxable","18":"purchasable","19":"product-type-simple"},"_links":{"self":[{"href":"https:\/\/lucacastelli.com\/de\/wp-json\/wp\/v2\/product\/607152","targetHints":{"allow":["GET"]}}],"collection":[{"href":"https:\/\/lucacastelli.com\/de\/wp-json\/wp\/v2\/product"}],"about":[{"href":"https:\/\/lucacastelli.com\/de\/wp-json\/wp\/v2\/types\/product"}],"wp:featuredmedia":[{"embeddable":true,"href":"https:\/\/lucacastelli.com\/de\/wp-json\/wp\/v2\/media\/544628"}],"wp:attachment":[{"href":"https:\/\/lucacastelli.com\/de\/wp-json\/wp\/v2\/media?parent=607152"}],"wp:term":[{"taxonomy":"product_brand","embeddable":true,"href":"https:\/\/lucacastelli.com\/de\/wp-json\/wp\/v2\/product_brand?post=607152"},{"taxonomy":"product_cat","embeddable":true,"href":"https:\/\/lucacastelli.com\/de\/wp-json\/wp\/v2\/product_cat?post=607152"},{"taxonomy":"product_tag","embeddable":true,"href":"https:\/\/lucacastelli.com\/de\/wp-json\/wp\/v2\/product_tag?post=607152"}],"curies":[{"name":"wp","href":"https:\/\/api.w.org\/{rel}","templated":true}]}}