{"id":607146,"date":"2025-08-13T12:20:41","date_gmt":"2025-08-13T10:20:41","guid":{"rendered":"https:\/\/lucacastelli.com\/prodotto\/milwaukee-fingerlose-arbeitshandschuhe-5\/"},"modified":"2025-08-13T12:20:41","modified_gmt":"2025-08-13T10:20:41","slug":"milwaukee-fingerlose-arbeitshandschuhe-5","status":"publish","type":"product","link":"https:\/\/lucacastelli.com\/de\/produkt\/milwaukee-fingerlose-arbeitshandschuhe-5\/","title":{"rendered":"Milwaukee Fingerlose Arbeitshandschuhe"},"content":{"rendered":"<p>FINGERLESS GLOVES &#8211; 7\/S &#8211; 1PC<br \/>\nEntwickelt, um Bewegungsfreiheit und Manipulation von kleinen Objekten zu erm\u00f6glichen; Verst\u00e4rkte Handfl\u00e4che und Daumennaht; Leicht und atmungsaktiv; Atmungsaktives Futter sorgt f\u00fcr ganzt\u00e4gigen Tragekomfort; Mit Schwamm bedecktes Daumenteil, das den Schwei\u00df von der Stirn abwischen l\u00e4sst; Klettverschluss f\u00fcr maximalen Halt bei der Arbeit; Europ\u00e4ische Zertifizierung f\u00fcr mechanischen Schutz: EN ISO 21420:2020 und EN388:2016 (2121X)<\/p>\n<p>4932479728<br \/>\n4058546375225<\/p>\n","protected":false},"excerpt":{"rendered":"<p>FINGERLOSE HANDSCHUHE &#8211; 7\/S &#8211; 1ST.<\/p>\n","protected":false},"featured_media":484096,"template":"","meta":{"_seopress_robots_primary_cat":"","_seopress_titles_title":"","_seopress_titles_desc":"","_seopress_robots_index":""},"product_brand":[3407],"product_cat":[21,284],"product_tag":[3270],"class_list":{"0":"post-607146","1":"product","2":"type-product","3":"status-publish","4":"has-post-thumbnail","6":"product_brand-milwaukee","7":"product_cat-abbigliamento","8":"product_cat-abbigliamento-da-lavoro","9":"product_tag-import-milwau","10":"sws-gruppo-abb-libero-de","11":"sws-conto-ricavi-merci-rivendita-abbigliamento-de","12":"sws-conto-ricavi-merci-rivendita-macchinari-de","13":"sws-gruppo-iva-iva81-de","15":"first","16":"onbackorder","17":"shipping-taxable","18":"purchasable","19":"product-type-simple"},"_links":{"self":[{"href":"https:\/\/lucacastelli.com\/de\/wp-json\/wp\/v2\/product\/607146","targetHints":{"allow":["GET"]}}],"collection":[{"href":"https:\/\/lucacastelli.com\/de\/wp-json\/wp\/v2\/product"}],"about":[{"href":"https:\/\/lucacastelli.com\/de\/wp-json\/wp\/v2\/types\/product"}],"wp:featuredmedia":[{"embeddable":true,"href":"https:\/\/lucacastelli.com\/de\/wp-json\/wp\/v2\/media\/484096"}],"wp:attachment":[{"href":"https:\/\/lucacastelli.com\/de\/wp-json\/wp\/v2\/media?parent=607146"}],"wp:term":[{"taxonomy":"product_brand","embeddable":true,"href":"https:\/\/lucacastelli.com\/de\/wp-json\/wp\/v2\/product_brand?post=607146"},{"taxonomy":"product_cat","embeddable":true,"href":"https:\/\/lucacastelli.com\/de\/wp-json\/wp\/v2\/product_cat?post=607146"},{"taxonomy":"product_tag","embeddable":true,"href":"https:\/\/lucacastelli.com\/de\/wp-json\/wp\/v2\/product_tag?post=607146"}],"curies":[{"name":"wp","href":"https:\/\/api.w.org\/{rel}","templated":true}]}}