{"id":607131,"date":"2025-08-13T12:20:38","date_gmt":"2025-08-13T10:20:38","guid":{"rendered":"https:\/\/lucacastelli.com\/prodotto\/milwaukee-polyurethanbeschichtete-handschuhe-mit-hoher-sichtbarkeit-kat-schnitt-c-2\/"},"modified":"2025-08-13T12:20:38","modified_gmt":"2025-08-13T10:20:38","slug":"milwaukee-polyurethanbeschichtete-handschuhe-mit-hoher-sichtbarkeit-kat-schnitt-c-2","status":"publish","type":"product","link":"https:\/\/lucacastelli.com\/de\/produkt\/milwaukee-polyurethanbeschichtete-handschuhe-mit-hoher-sichtbarkeit-kat-schnitt-c-2\/","title":{"rendered":"Milwaukee Polyurethanbeschichtete Handschuhe mit hoher Sichtbarkeit Kat. Schnitt C"},"content":{"rendered":"<p>HI-VIS CUT C GLOVES &#8211; 7\/S &#8211; 1PC<br \/>\nHochsichtbares fluoreszierendes Auskleidungsmaterial, um in schlecht beleuchteten Situationen besser sichtbar zu sein; Schnittfestigkeit ideal zum Einf\u00e4deln von Rohren, Abisolieren von Kabeln usw.; Leichte und atmungsaktive Polyurethanbeschichtung mit Nitrilverst\u00e4rkung im Verschlei\u00dfbereich zwischen Daumen und Fingern.Polyurethanbeschichtung mit Nitrilverst\u00e4rkung im Verschlei\u00dfbereich zwischen Daumen und Fingern;Leicht und atmungsaktiv garantieren maximalen Komfort und Fingerfertigkeit f\u00fcr den Benutzer;Smartswipe\u2122 &#8211; leitf\u00e4higes Gewebe an den Fingerspitzen erm\u00f6glicht die Nutzung von Touchscreen-Ger\u00e4ten, ohne den Handschuh ausziehen zu m\u00fcssen;Europ\u00e4ische Zertifizierung f\u00fcr mechanischen Schutz: EN ISO 21420, EN388:2016 (4X42C)<\/p>\n<p>4932479721<\/p>\n","protected":false},"excerpt":{"rendered":"<p>HI-VIS CUT C HANDSCHUHE &#8211; 7\/S &#8211; 1PC<\/p>\n","protected":false},"featured_media":544582,"template":"","meta":{"_seopress_robots_primary_cat":"","_seopress_titles_title":"","_seopress_titles_desc":"","_seopress_robots_index":""},"product_brand":[3407],"product_cat":[21,284],"product_tag":[3270],"class_list":{"0":"post-607131","1":"product","2":"type-product","3":"status-publish","4":"has-post-thumbnail","6":"product_brand-milwaukee","7":"product_cat-abbigliamento","8":"product_cat-abbigliamento-da-lavoro","9":"product_tag-import-milwau","10":"sws-gruppo-abb-libero-de","11":"sws-conto-ricavi-merci-rivendita-abbigliamento-de","12":"sws-conto-ricavi-merci-rivendita-macchinari-de","13":"sws-gruppo-iva-iva81-de","15":"first","16":"onbackorder","17":"shipping-taxable","18":"purchasable","19":"product-type-simple"},"_links":{"self":[{"href":"https:\/\/lucacastelli.com\/de\/wp-json\/wp\/v2\/product\/607131","targetHints":{"allow":["GET"]}}],"collection":[{"href":"https:\/\/lucacastelli.com\/de\/wp-json\/wp\/v2\/product"}],"about":[{"href":"https:\/\/lucacastelli.com\/de\/wp-json\/wp\/v2\/types\/product"}],"wp:featuredmedia":[{"embeddable":true,"href":"https:\/\/lucacastelli.com\/de\/wp-json\/wp\/v2\/media\/544582"}],"wp:attachment":[{"href":"https:\/\/lucacastelli.com\/de\/wp-json\/wp\/v2\/media?parent=607131"}],"wp:term":[{"taxonomy":"product_brand","embeddable":true,"href":"https:\/\/lucacastelli.com\/de\/wp-json\/wp\/v2\/product_brand?post=607131"},{"taxonomy":"product_cat","embeddable":true,"href":"https:\/\/lucacastelli.com\/de\/wp-json\/wp\/v2\/product_cat?post=607131"},{"taxonomy":"product_tag","embeddable":true,"href":"https:\/\/lucacastelli.com\/de\/wp-json\/wp\/v2\/product_tag?post=607131"}],"curies":[{"name":"wp","href":"https:\/\/api.w.org\/{rel}","templated":true}]}}