{"id":607120,"date":"2025-08-13T12:07:43","date_gmt":"2025-08-13T10:07:43","guid":{"rendered":"https:\/\/lucacastelli.com\/prodotto\/milwaukee-latexbeschichtete-winterhandschuhe-kat-schnitt-a-12-stueck\/"},"modified":"2025-08-13T12:07:43","modified_gmt":"2025-08-13T10:07:43","slug":"milwaukee-latexbeschichtete-winterhandschuhe-kat-schnitt-a-12-stueck","status":"publish","type":"product","link":"https:\/\/lucacastelli.com\/de\/produkt\/milwaukee-latexbeschichtete-winterhandschuhe-kat-schnitt-a-12-stueck\/","title":{"rendered":"Milwaukee Latexbeschichtete Winterhandschuhe Kat. Schnitt A &#8211; 12 St\u00fcck"},"content":{"rendered":"<p>WINTERHANDSCHUHE. ANTITAGL.CAT.1 M\/8-12pcs<br \/>\nInnenisolierung, h\u00e4lt die Hand auch bei kalten Temperaturen warm;Latexbeschichtung. Hohe Fingerfertigkeit beim Hantieren mit kleinen Gegenst\u00e4nden;Warmes, doppeltes Acrylfrottee-Futter, um auch bei k\u00e4ltesten Bedingungen warm zu halten und eine hohe Atmungsaktivit\u00e4t zu haben;Europ\u00e4isches Zertifikat f\u00fcr mechanischen und K\u00e4lteschutz: EN420, EN388: 2016 (1141A), EN511 (01X)   <\/p>\n<p>4932471606<br \/>\n4058546295059<\/p>\n","protected":false},"excerpt":{"rendered":"<p>WINTERHANDSCHUHE. ANTITAGL.CAT.1 M\/8-12pcs Innenisolierung, h\u00e4lt die Hand auch bei kalten Temperaturen warm;Latexbeschichtung. Hohe Fingerfertigkeit beim Hantieren mit kleinen Gegenst\u00e4nden;Warmes, doppeltes<\/p>\n","protected":false},"featured_media":537136,"template":"","meta":{"_seopress_robots_primary_cat":"","_seopress_titles_title":"","_seopress_titles_desc":"","_seopress_robots_index":""},"product_brand":[3407],"product_cat":[21,284],"product_tag":[],"class_list":{"0":"post-607120","1":"product","2":"type-product","3":"status-publish","4":"has-post-thumbnail","6":"product_brand-milwaukee","7":"product_cat-abbigliamento","8":"product_cat-abbigliamento-da-lavoro","9":"sws-gruppo-abb-libero-de","10":"sws-conto-ricavi-merci-rivendita-abbigliamento-de","11":"sws-gruppo-iva-iva81-de","13":"first","14":"instock","15":"shipping-taxable","16":"purchasable","17":"product-type-variable"},"_links":{"self":[{"href":"https:\/\/lucacastelli.com\/de\/wp-json\/wp\/v2\/product\/607120","targetHints":{"allow":["GET"]}}],"collection":[{"href":"https:\/\/lucacastelli.com\/de\/wp-json\/wp\/v2\/product"}],"about":[{"href":"https:\/\/lucacastelli.com\/de\/wp-json\/wp\/v2\/types\/product"}],"wp:featuredmedia":[{"embeddable":true,"href":"https:\/\/lucacastelli.com\/de\/wp-json\/wp\/v2\/media\/537136"}],"wp:attachment":[{"href":"https:\/\/lucacastelli.com\/de\/wp-json\/wp\/v2\/media?parent=607120"}],"wp:term":[{"taxonomy":"product_brand","embeddable":true,"href":"https:\/\/lucacastelli.com\/de\/wp-json\/wp\/v2\/product_brand?post=607120"},{"taxonomy":"product_cat","embeddable":true,"href":"https:\/\/lucacastelli.com\/de\/wp-json\/wp\/v2\/product_cat?post=607120"},{"taxonomy":"product_tag","embeddable":true,"href":"https:\/\/lucacastelli.com\/de\/wp-json\/wp\/v2\/product_tag?post=607120"}],"curies":[{"name":"wp","href":"https:\/\/api.w.org\/{rel}","templated":true}]}}