{"id":607089,"date":"2025-08-13T12:07:18","date_gmt":"2025-08-13T10:07:18","guid":{"rendered":"https:\/\/lucacastelli.com\/prodotto\/milwaukee-armortex-schlagfeste-handschuhe\/"},"modified":"2025-08-13T12:07:18","modified_gmt":"2025-08-13T10:07:18","slug":"milwaukee-armortex-schlagfeste-handschuhe","status":"publish","type":"product","link":"https:\/\/lucacastelli.com\/de\/produkt\/milwaukee-armortex-schlagfeste-handschuhe\/","title":{"rendered":"Milwaukee ARMORTEX\u2122 Schlagfeste Handschuhe"},"content":{"rendered":"<p>IMPACT WORK GLOVES &#8211; M\/8 1pcs<br \/>\nR\u00fccken und Finger aus schlag- und sto\u00dffestem TPR-Material (thermoplastischer Kautschuk), mit Einschnitten an den Kn\u00f6cheln f\u00fcr mehr Bewegungsfreiheit;Das ARMORTEX\u2122-Verst\u00e4rkungssystem f\u00fcr die Handfl\u00e4che und die Fingerspitzen bietet mehr Haltbarkeit und Schutz;Das ARMORTEX\u2122-Material erm\u00f6glicht eine hervorragende Griffigkeit auch auf nassen oder \u00f6lverschmierten Oberfl\u00e4chen;Europ\u00e4ische Zertifizierung f\u00fcr mechanischen und Schlagschutz: EN ISO 21420:2020 und EN388:2016 (2121XP)<\/p>\n<p>4932471908<br \/>\n4058546298074<\/p>\n","protected":false},"excerpt":{"rendered":"<p>IMPACT WORK GLOVES &#8211; M\/8 1pcs R\u00fccken und Finger aus schlag- und sto\u00dffestem TPR-Material (thermoplastischer Kautschuk), mit Einschnitten an den<\/p>\n","protected":false},"featured_media":606512,"template":"","meta":{"_seopress_robots_primary_cat":"","_seopress_titles_title":"","_seopress_titles_desc":"","_seopress_robots_index":""},"product_brand":[3407],"product_cat":[21,284],"product_tag":[],"class_list":{"0":"post-607089","1":"product","2":"type-product","3":"status-publish","4":"has-post-thumbnail","6":"product_brand-milwaukee","7":"product_cat-abbigliamento","8":"product_cat-abbigliamento-da-lavoro","9":"sws-gruppo-abb-libero-de","10":"sws-conto-ricavi-merci-rivendita-abbigliamento-de","11":"sws-gruppo-iva-iva81-de","13":"first","14":"instock","15":"shipping-taxable","16":"purchasable","17":"product-type-variable"},"_links":{"self":[{"href":"https:\/\/lucacastelli.com\/de\/wp-json\/wp\/v2\/product\/607089","targetHints":{"allow":["GET"]}}],"collection":[{"href":"https:\/\/lucacastelli.com\/de\/wp-json\/wp\/v2\/product"}],"about":[{"href":"https:\/\/lucacastelli.com\/de\/wp-json\/wp\/v2\/types\/product"}],"wp:featuredmedia":[{"embeddable":true,"href":"https:\/\/lucacastelli.com\/de\/wp-json\/wp\/v2\/media\/606512"}],"wp:attachment":[{"href":"https:\/\/lucacastelli.com\/de\/wp-json\/wp\/v2\/media?parent=607089"}],"wp:term":[{"taxonomy":"product_brand","embeddable":true,"href":"https:\/\/lucacastelli.com\/de\/wp-json\/wp\/v2\/product_brand?post=607089"},{"taxonomy":"product_cat","embeddable":true,"href":"https:\/\/lucacastelli.com\/de\/wp-json\/wp\/v2\/product_cat?post=607089"},{"taxonomy":"product_tag","embeddable":true,"href":"https:\/\/lucacastelli.com\/de\/wp-json\/wp\/v2\/product_tag?post=607089"}],"curies":[{"name":"wp","href":"https:\/\/api.w.org\/{rel}","templated":true}]}}