{"id":607071,"date":"2025-08-13T11:49:30","date_gmt":"2025-08-13T09:49:30","guid":{"rendered":"https:\/\/lucacastelli.com\/prodotto\/milwaukee-latexbeschichtete-winterhandschuhe-kat-schnitt-e\/"},"modified":"2025-08-13T11:49:30","modified_gmt":"2025-08-13T09:49:30","slug":"milwaukee-latexbeschichtete-winterhandschuhe-kat-schnitt-e","status":"publish","type":"product","link":"https:\/\/lucacastelli.com\/de\/produkt\/milwaukee-latexbeschichtete-winterhandschuhe-kat-schnitt-e\/","title":{"rendered":"Milwaukee Latexbeschichtete Winterhandschuhe Kat. Schnitt E"},"content":{"rendered":"<p>WINTER CUT E GLOVES &#8211; 8\/M &#8211; 1PC<br \/>\nMit doppeltem Acrylfutter, um deine H\u00e4nde warm zu halten, w\u00e4hrend du in rauen Umgebungen oder mit kalten Gegenst\u00e4nden arbeitest;\u00c4u\u00dfere Garnfeinheit 13\u00b0 Nadeln, innere Garnfeinheit 10\u00b0 Nadeln, f\u00fcr eine gute Beweglichkeit der Finger;3\/4-Latex-Handfl\u00e4che und R\u00fcckenbeschichtung f\u00fcr gr\u00f6\u00dfere Spritzwasserfestigkeit, in kalten und nassen Umgebungen;Zwei Schichten: Innen- und Au\u00dfenfutter, f\u00fcr Langlebigkeit;Europ\u00e4ische Zertifizierung f\u00fcr mechanischen und K\u00e4lteschutz: EN ISO 21420, EN388:2016 (3X43E), EN511 (01X)<\/p>\n<p>4932479558<br \/>\n4058546373528<\/p>\n","protected":false},"excerpt":{"rendered":"<p>WINTER CUT E GLOVES &#8211; 8\/M &#8211; 1PC Mit doppeltem Acrylfutter, um deine H\u00e4nde warm zu halten, w\u00e4hrend du in<\/p>\n","protected":false},"featured_media":544193,"template":"","meta":{"_seopress_robots_primary_cat":"","_seopress_titles_title":"","_seopress_titles_desc":"","_seopress_robots_index":""},"product_brand":[3407],"product_cat":[21,284],"product_tag":[],"class_list":{"0":"post-607071","1":"product","2":"type-product","3":"status-publish","4":"has-post-thumbnail","6":"product_brand-milwaukee","7":"product_cat-abbigliamento","8":"product_cat-abbigliamento-da-lavoro","9":"sws-gruppo-abb-libero-de","10":"sws-conto-ricavi-merci-rivendita-abbigliamento-de","11":"sws-gruppo-iva-iva81-de","13":"first","14":"instock","15":"shipping-taxable","16":"purchasable","17":"product-type-variable"},"_links":{"self":[{"href":"https:\/\/lucacastelli.com\/de\/wp-json\/wp\/v2\/product\/607071","targetHints":{"allow":["GET"]}}],"collection":[{"href":"https:\/\/lucacastelli.com\/de\/wp-json\/wp\/v2\/product"}],"about":[{"href":"https:\/\/lucacastelli.com\/de\/wp-json\/wp\/v2\/types\/product"}],"wp:featuredmedia":[{"embeddable":true,"href":"https:\/\/lucacastelli.com\/de\/wp-json\/wp\/v2\/media\/544193"}],"wp:attachment":[{"href":"https:\/\/lucacastelli.com\/de\/wp-json\/wp\/v2\/media?parent=607071"}],"wp:term":[{"taxonomy":"product_brand","embeddable":true,"href":"https:\/\/lucacastelli.com\/de\/wp-json\/wp\/v2\/product_brand?post=607071"},{"taxonomy":"product_cat","embeddable":true,"href":"https:\/\/lucacastelli.com\/de\/wp-json\/wp\/v2\/product_cat?post=607071"},{"taxonomy":"product_tag","embeddable":true,"href":"https:\/\/lucacastelli.com\/de\/wp-json\/wp\/v2\/product_tag?post=607071"}],"curies":[{"name":"wp","href":"https:\/\/api.w.org\/{rel}","templated":true}]}}