{"id":607057,"date":"2025-08-13T11:52:55","date_gmt":"2025-08-13T09:52:55","guid":{"rendered":"https:\/\/lucacastelli.com\/prodotto\/milwaukee-handschuhe-aus-leder-und-synthetik\/"},"modified":"2025-08-13T11:52:55","modified_gmt":"2025-08-13T09:52:55","slug":"milwaukee-handschuhe-aus-leder-und-synthetik","status":"publish","type":"product","link":"https:\/\/lucacastelli.com\/de\/produkt\/milwaukee-handschuhe-aus-leder-und-synthetik\/","title":{"rendered":"Milwaukee Handschuhe aus Leder und Synthetik"},"content":{"rendered":"<p>WASCHHANDSCHUHE LEDER\/MATTE. SINT &#8211; M\/8 1pcs<br \/>\nSMARTSWIPE\u2122 &#8211; Leitf\u00e4higer Gewebeeinsatz am Kn\u00f6chel des Zeigefingers, der es dem Benutzer erm\u00f6glicht, Touchscreen-Ger\u00e4te zu bedienen, ohne den Handschuh ausziehen zu m\u00fcssen;Handfl\u00e4che aus vollnarbigem Ziegenleder, f\u00fcr Haltbarkeit und St\u00e4rke;Handr\u00fccken aus synthetischem Material f\u00fcr maximalen Komfort, Atmungsaktivit\u00e4t und Schutz bei der Arbeit;Verst\u00e4rkter Daumen mit separater Naht vom Rest des Handschuhs, der den Daumen in seiner nat\u00fcrlichen Position h\u00e4lt, um den Komfort und die Geschicklichkeit bei Bewegungen zu erh\u00f6hen;Europ\u00e4ische Zertifizierung f\u00fcr mechanischen Schutz: EN ISO 21420:2020 und EN388:2016 (2122X) <\/p>\n<p>4932471912<br \/>\n4058546298111<\/p>\n","protected":false},"excerpt":{"rendered":"<p>WASCHHANDSCHUHE LEDER\/MATTE. SINT &#8211; M\/8 1pcs SMARTSWIPE\u2122 &#8211; Leitf\u00e4higer Gewebeeinsatz am Kn\u00f6chel des Zeigefingers, der es dem Benutzer erm\u00f6glicht, Touchscreen-Ger\u00e4te<\/p>\n","protected":false},"featured_media":606182,"template":"","meta":{"_seopress_robots_primary_cat":"","_seopress_titles_title":"","_seopress_titles_desc":"","_seopress_robots_index":""},"product_brand":[3407],"product_cat":[21,284],"product_tag":[],"class_list":{"0":"post-607057","1":"product","2":"type-product","3":"status-publish","4":"has-post-thumbnail","6":"product_brand-milwaukee","7":"product_cat-abbigliamento","8":"product_cat-abbigliamento-da-lavoro","9":"sws-gruppo-abb-libero-de","10":"sws-conto-ricavi-merci-rivendita-abbigliamento-de","11":"sws-gruppo-iva-iva81-de","13":"first","14":"instock","15":"shipping-taxable","16":"purchasable","17":"product-type-variable"},"_links":{"self":[{"href":"https:\/\/lucacastelli.com\/de\/wp-json\/wp\/v2\/product\/607057","targetHints":{"allow":["GET"]}}],"collection":[{"href":"https:\/\/lucacastelli.com\/de\/wp-json\/wp\/v2\/product"}],"about":[{"href":"https:\/\/lucacastelli.com\/de\/wp-json\/wp\/v2\/types\/product"}],"wp:featuredmedia":[{"embeddable":true,"href":"https:\/\/lucacastelli.com\/de\/wp-json\/wp\/v2\/media\/606182"}],"wp:attachment":[{"href":"https:\/\/lucacastelli.com\/de\/wp-json\/wp\/v2\/media?parent=607057"}],"wp:term":[{"taxonomy":"product_brand","embeddable":true,"href":"https:\/\/lucacastelli.com\/de\/wp-json\/wp\/v2\/product_brand?post=607057"},{"taxonomy":"product_cat","embeddable":true,"href":"https:\/\/lucacastelli.com\/de\/wp-json\/wp\/v2\/product_cat?post=607057"},{"taxonomy":"product_tag","embeddable":true,"href":"https:\/\/lucacastelli.com\/de\/wp-json\/wp\/v2\/product_tag?post=607057"}],"curies":[{"name":"wp","href":"https:\/\/api.w.org\/{rel}","templated":true}]}}