{"id":607046,"date":"2025-08-13T11:44:16","date_gmt":"2025-08-13T09:44:16","guid":{"rendered":"https:\/\/lucacastelli.com\/prodotto\/milwaukee-polyurethanbeschichtete-handschuhe-mit-hoher-sichtbarkeit-kat-schnitt-c-12-stueck\/"},"modified":"2025-08-13T11:44:16","modified_gmt":"2025-08-13T09:44:16","slug":"milwaukee-polyurethanbeschichtete-handschuhe-mit-hoher-sichtbarkeit-kat-schnitt-c-12-stueck","status":"publish","type":"product","link":"https:\/\/lucacastelli.com\/de\/produkt\/milwaukee-polyurethanbeschichtete-handschuhe-mit-hoher-sichtbarkeit-kat-schnitt-c-12-stueck\/","title":{"rendered":"Milwaukee Polyurethanbeschichtete Handschuhe mit hoher Sichtbarkeit Kat. Schnitt C &#8211; 12 St\u00fcck"},"content":{"rendered":"<p>PACK HI-VIS CUT C &#8211; M\/8 GUANTERIA<br \/>\nHochsichtbares fluoreszierendes Auskleidungsmaterial, um auch in schlecht beleuchteten Situationen besser sichtbar zu sein; Schnittfestigkeit ideal zum Einf\u00e4deln von Rohren, Abisolieren von Kabeln usw.Polyurethan-Beschichtung mit Nitril-Verst\u00e4rkung im Verschlei\u00dfbereich zwischen Daumen und Fingern;Leicht und atmungsaktiv garantieren maximalen Komfort und Fingerfertigkeit f\u00fcr den Benutzer;Smartswipe\u2122 &#8211; leitf\u00e4higes Gewebe an den Fingerspitzen erm\u00f6glicht die Nutzung von Touchscreen-Ger\u00e4ten, ohne den Handschuh ausziehen zu m\u00fcssen;Europ\u00e4ische Zertifizierung f\u00fcr mechanischen Schutz: EN ISO 21420, EN388:2016 (4X42C)<\/p>\n<p>4932492919<\/p>\n","protected":false},"excerpt":{"rendered":"<p>PACK HI-VIS CUT C &#8211; M\/8 GUANTERIA Hochsichtbares fluoreszierendes Auskleidungsmaterial, um auch in schlecht beleuchteten Situationen besser sichtbar zu sein;<\/p>\n","protected":false},"featured_media":606073,"template":"","meta":{"_seopress_robots_primary_cat":"","_seopress_titles_title":"","_seopress_titles_desc":"","_seopress_robots_index":""},"product_brand":[3407],"product_cat":[21,284],"product_tag":[],"class_list":{"0":"post-607046","1":"product","2":"type-product","3":"status-publish","4":"has-post-thumbnail","6":"product_brand-milwaukee","7":"product_cat-abbigliamento","8":"product_cat-abbigliamento-da-lavoro","9":"sws-gruppo-abb-libero-de","10":"sws-conto-ricavi-merci-rivendita-abbigliamento-de","11":"sws-gruppo-iva-iva81-de","13":"first","14":"instock","15":"shipping-taxable","16":"purchasable","17":"product-type-variable"},"_links":{"self":[{"href":"https:\/\/lucacastelli.com\/de\/wp-json\/wp\/v2\/product\/607046","targetHints":{"allow":["GET"]}}],"collection":[{"href":"https:\/\/lucacastelli.com\/de\/wp-json\/wp\/v2\/product"}],"about":[{"href":"https:\/\/lucacastelli.com\/de\/wp-json\/wp\/v2\/types\/product"}],"wp:featuredmedia":[{"embeddable":true,"href":"https:\/\/lucacastelli.com\/de\/wp-json\/wp\/v2\/media\/606073"}],"wp:attachment":[{"href":"https:\/\/lucacastelli.com\/de\/wp-json\/wp\/v2\/media?parent=607046"}],"wp:term":[{"taxonomy":"product_brand","embeddable":true,"href":"https:\/\/lucacastelli.com\/de\/wp-json\/wp\/v2\/product_brand?post=607046"},{"taxonomy":"product_cat","embeddable":true,"href":"https:\/\/lucacastelli.com\/de\/wp-json\/wp\/v2\/product_cat?post=607046"},{"taxonomy":"product_tag","embeddable":true,"href":"https:\/\/lucacastelli.com\/de\/wp-json\/wp\/v2\/product_tag?post=607046"}],"curies":[{"name":"wp","href":"https:\/\/api.w.org\/{rel}","templated":true}]}}