{"id":607042,"date":"2025-08-10T18:37:55","date_gmt":"2025-08-10T16:37:55","guid":{"rendered":"https:\/\/lucacastelli.com\/prodotto\/milwaukee-ohrstoepsel-mit-kopfband-2\/"},"modified":"2025-08-10T18:37:55","modified_gmt":"2025-08-10T16:37:55","slug":"milwaukee-ohrstoepsel-mit-kopfband-2","status":"publish","type":"product","link":"https:\/\/lucacastelli.com\/de\/produkt\/milwaukee-ohrstoepsel-mit-kopfband-2\/","title":{"rendered":"Milwaukee Ohrst\u00f6psel mit Kopfband"},"content":{"rendered":"<p>5 Paar TPR Ersatz &#8211; 1St\u00fcck<br \/>\nErsatzohrst\u00f6psel f\u00fcr Lichtbogen-Geh\u00f6rschutz (5 Paar)<\/p>\n<p>4932478549<br \/>\n4058546347420<\/p>\n","protected":false},"excerpt":{"rendered":"<p>5 Paar TPR Ersatz &#8211; 1St\u00fcck<\/p>\n","protected":false},"featured_media":541070,"template":"","meta":{"_seopress_robots_primary_cat":"","_seopress_titles_title":"","_seopress_titles_desc":"","_seopress_robots_index":""},"product_brand":[3407],"product_cat":[33,537,815,816],"product_tag":[3270],"class_list":{"0":"post-607042","1":"product","2":"type-product","3":"status-publish","4":"has-post-thumbnail","6":"product_brand-milwaukee","7":"product_cat-attrezzature","8":"product_cat-attrezzatura-da-lavoro","9":"product_cat-caschi","10":"product_cat-visiere-e-occhiali-protettivi","11":"product_tag-import-milwau","12":"sws-conto-ricavi-merci-rivendita-macchinari-de","13":"sws-gruppo-iva-iva81-de","15":"first","16":"onbackorder","17":"shipping-taxable","18":"purchasable","19":"product-type-simple"},"_links":{"self":[{"href":"https:\/\/lucacastelli.com\/de\/wp-json\/wp\/v2\/product\/607042","targetHints":{"allow":["GET"]}}],"collection":[{"href":"https:\/\/lucacastelli.com\/de\/wp-json\/wp\/v2\/product"}],"about":[{"href":"https:\/\/lucacastelli.com\/de\/wp-json\/wp\/v2\/types\/product"}],"wp:featuredmedia":[{"embeddable":true,"href":"https:\/\/lucacastelli.com\/de\/wp-json\/wp\/v2\/media\/541070"}],"wp:attachment":[{"href":"https:\/\/lucacastelli.com\/de\/wp-json\/wp\/v2\/media?parent=607042"}],"wp:term":[{"taxonomy":"product_brand","embeddable":true,"href":"https:\/\/lucacastelli.com\/de\/wp-json\/wp\/v2\/product_brand?post=607042"},{"taxonomy":"product_cat","embeddable":true,"href":"https:\/\/lucacastelli.com\/de\/wp-json\/wp\/v2\/product_cat?post=607042"},{"taxonomy":"product_tag","embeddable":true,"href":"https:\/\/lucacastelli.com\/de\/wp-json\/wp\/v2\/product_tag?post=607042"}],"curies":[{"name":"wp","href":"https:\/\/api.w.org\/{rel}","templated":true}]}}