{"id":606990,"date":"2025-08-09T19:12:54","date_gmt":"2025-08-09T17:12:54","guid":{"rendered":"https:\/\/lucacastelli.com\/prodotto\/milwaukee-max-bite-kombischluesselsatz-und-packout-tiefziehzange\/"},"modified":"2025-08-09T19:12:54","modified_gmt":"2025-08-09T17:12:54","slug":"milwaukee-max-bite-kombischluesselsatz-und-packout-tiefziehzange","status":"publish","type":"product","link":"https:\/\/lucacastelli.com\/de\/produkt\/milwaukee-max-bite-kombischluesselsatz-und-packout-tiefziehzange\/","title":{"rendered":"Milwaukee MAX BITE\u2122 Kombischl\u00fcsselsatz und PACKOUT Tiefziehzange"},"content":{"rendered":"<p>KOMBISCHL\u00dcSSEL-SET. UND MITTELSCHL\u00dcSSEL<br \/>\nF\u00fcr PACKOUT-Koffer mit Schublade;Hochwertiger, lasergeschnittener Schaumstoff f\u00fcr perfekte Werkzeugaufbewahrung;19-teiliges Set, bestehend aus: 14 MAX BITE\u2122-Kombischl\u00fcsseln (8\/9\/10\/11\/12\/13\/14\/15\/17\/18\/19\/20\/21 mm)<br \/>\nmit je 1 Halbrundzange 210 mm, Schneidezange160 mm, Verstellzange 150 mm, drehbarer Maulschl\u00fcssel 150 mm <\/p>\n<p>4932493339<br \/>\n4058546482107<\/p>\n","protected":false},"excerpt":{"rendered":"<p>KOMBISCHL\u00dcSSELSATZ UND ZANGE SOFTMODUL <\/p>\n","protected":false},"featured_media":600301,"template":"","meta":{"_seopress_robots_primary_cat":"","_seopress_titles_title":"","_seopress_titles_desc":"","_seopress_robots_index":""},"product_brand":[3407],"product_cat":[5416,33],"product_tag":[3270],"class_list":{"0":"post-606990","1":"product","2":"type-product","3":"status-publish","4":"has-post-thumbnail","6":"product_brand-milwaukee","7":"product_cat-utensili-per-officina","8":"product_cat-attrezzature","9":"product_tag-import-milwau","10":"sws-conto-ricavi-merci-rivendita-macchinari-de","11":"sws-gruppo-iva-iva81-de","13":"first","14":"onbackorder","15":"sale","16":"shipping-taxable","17":"purchasable","18":"product-type-simple"},"_links":{"self":[{"href":"https:\/\/lucacastelli.com\/de\/wp-json\/wp\/v2\/product\/606990","targetHints":{"allow":["GET"]}}],"collection":[{"href":"https:\/\/lucacastelli.com\/de\/wp-json\/wp\/v2\/product"}],"about":[{"href":"https:\/\/lucacastelli.com\/de\/wp-json\/wp\/v2\/types\/product"}],"wp:featuredmedia":[{"embeddable":true,"href":"https:\/\/lucacastelli.com\/de\/wp-json\/wp\/v2\/media\/600301"}],"wp:attachment":[{"href":"https:\/\/lucacastelli.com\/de\/wp-json\/wp\/v2\/media?parent=606990"}],"wp:term":[{"taxonomy":"product_brand","embeddable":true,"href":"https:\/\/lucacastelli.com\/de\/wp-json\/wp\/v2\/product_brand?post=606990"},{"taxonomy":"product_cat","embeddable":true,"href":"https:\/\/lucacastelli.com\/de\/wp-json\/wp\/v2\/product_cat?post=606990"},{"taxonomy":"product_tag","embeddable":true,"href":"https:\/\/lucacastelli.com\/de\/wp-json\/wp\/v2\/product_tag?post=606990"}],"curies":[{"name":"wp","href":"https:\/\/api.w.org\/{rel}","templated":true}]}}