{"id":606895,"date":"2025-08-10T12:42:16","date_gmt":"2025-08-10T10:42:16","guid":{"rendered":"https:\/\/lucacastelli.com\/prodotto\/milwaukee-4-gang-kernbohrmaschine-mx-fuel-350-mm-2\/"},"modified":"2026-03-02T16:14:31","modified_gmt":"2026-03-02T15:14:31","slug":"milwaukee-4-gang-kernbohrmaschine-mx-fuel-350-mm-2","status":"publish","type":"product","link":"https:\/\/lucacastelli.com\/de\/produkt\/milwaukee-4-gang-kernbohrmaschine-mx-fuel-350-mm-2\/","title":{"rendered":"MILWAUKEE MX FUEL\u2122 350 mm 4-Gang-Kernbohrmaschine"},"content":{"rendered":"<p>MXFDCD350DD-0\/MX FUEL<br \/>\nBohrt m\u00fchelos mit der Leistung eines Netzger\u00e4ts bis zu einem Durchmesser von 350 mm dank der hohen Leistung des Akkumotors.;4 Geschwindigkeitsstufen w\u00e4hlbar, mit empfohlenen Durchmessern f\u00fcr jede Stufe auf dem Geh\u00e4use markiert;Gang 1: bis zu 51 mm \/ Gang 2: 51-76 mm \/ Gang 3: 76-152 mm \/ Gang 4: 152 &#8211; 350 mm;Die Andruckanzeige erm\u00f6glicht es dem Anwender, die Bohrgeschwindigkeit zu optimieren und das Werkzeug nicht zu \u00fcberlasten.;Die Ladestandsanzeige erm\u00f6glicht es dem Anwender, die verbleibende Energie w\u00e4hrend jeder Anwendung zu \u00fcberwachen.;1 1\/4\u02dd UNC oder 1\/2\u02dd G Aufnahmen kompatibel mit den g\u00e4ngigsten Bohrkronen auf dem Markt, Grundplatten-Design f\u00fcr schnellen und einfachen Zubeh\u00f6rwechsel.;Kann mit einer optionalen Vakuumpumpe auf glatten und ebenen Oberfl\u00e4chen verwendet werden;Werkzeuglose Verbindung der Kernbohrmaschine mit dem Bohrst\u00e4nder;Das MX FUEL\u2122 System setzt neue Ma\u00dfst\u00e4be f\u00fcr Akku-Ger\u00e4te: Leistung wie bei Benzin-, Netz- oder Druckluftger\u00e4ten, ohne die Gefahren durch Emissionen, L\u00e4rm, Vibrationen, Stolperfallen oder komplexe Wartung;Das ONE-KEY\u2122 Tracking &amp; Security System bietet eine kostenlose cloudbasierte Bestandsverwaltung und Ortung sowie eine Fernsperrfunktion<\/p>\n<p>4933493146<br \/>\n4058546480172<\/p>\n","protected":false},"excerpt":{"rendered":"<p>MXFDCD350DD-0\/MX FUEL<\/p>\n","protected":false},"featured_media":584887,"template":"","meta":{"_seopress_robots_primary_cat":"","_seopress_titles_title":"","_seopress_titles_desc":"","_seopress_robots_index":""},"product_brand":[3656],"product_cat":[1454,169,5534],"product_tag":[3272],"class_list":{"0":"post-606895","1":"product","2":"type-product","3":"status-publish","4":"has-post-thumbnail","6":"product_brand-milwaukee-de","7":"product_cat-andere-gerate","8":"product_cat-maschinen","9":"product_cat-verschiedene-maschinen-von-milwaukee","10":"product_tag-import-milwau-de","11":"sws-conto-ricavi-merci-rivendita-macchinari-de","12":"sws-gruppo-iva-iva81-de","14":"first","15":"onbackorder","16":"sale","17":"shipping-taxable","18":"purchasable","19":"product-type-simple"},"_links":{"self":[{"href":"https:\/\/lucacastelli.com\/de\/wp-json\/wp\/v2\/product\/606895","targetHints":{"allow":["GET"]}}],"collection":[{"href":"https:\/\/lucacastelli.com\/de\/wp-json\/wp\/v2\/product"}],"about":[{"href":"https:\/\/lucacastelli.com\/de\/wp-json\/wp\/v2\/types\/product"}],"wp:featuredmedia":[{"embeddable":true,"href":"https:\/\/lucacastelli.com\/de\/wp-json\/wp\/v2\/media\/584887"}],"wp:attachment":[{"href":"https:\/\/lucacastelli.com\/de\/wp-json\/wp\/v2\/media?parent=606895"}],"wp:term":[{"taxonomy":"product_brand","embeddable":true,"href":"https:\/\/lucacastelli.com\/de\/wp-json\/wp\/v2\/product_brand?post=606895"},{"taxonomy":"product_cat","embeddable":true,"href":"https:\/\/lucacastelli.com\/de\/wp-json\/wp\/v2\/product_cat?post=606895"},{"taxonomy":"product_tag","embeddable":true,"href":"https:\/\/lucacastelli.com\/de\/wp-json\/wp\/v2\/product_tag?post=606895"}],"curies":[{"name":"wp","href":"https:\/\/api.w.org\/{rel}","templated":true}]}}