{"id":606892,"date":"2025-08-10T12:42:17","date_gmt":"2025-08-10T10:42:17","guid":{"rendered":"https:\/\/lucacastelli.com\/prodotto\/milwaukee-4-gang-kernbohrmaschine-mx-fuel-350-mm\/"},"modified":"2026-03-02T16:15:13","modified_gmt":"2026-03-02T15:15:13","slug":"milwaukee-4-gang-kernbohrmaschine-mx-fuel-350-mm","status":"publish","type":"product","link":"https:\/\/lucacastelli.com\/de\/produkt\/milwaukee-4-gang-kernbohrmaschine-mx-fuel-350-mm\/","title":{"rendered":"MILWAUKEE 4-Gang-Kernbohrmaschine MX FUEL\u2122 350 mm"},"content":{"rendered":"<p>MXF DCD350KIT-122 \/MX FUEL<br \/>\nBohrt mit extremer Leichtigkeit und erreicht die gleiche Leistung wie kabelgebundene Ger\u00e4te bis zu einem Durchmesser von 350 mm, dank der hohen Leistungsabgabe des Akkumotors.;M\u00f6glichkeit zur Auswahl aus 4 Geschwindigkeiten mit empfohlenen Durchmessern f\u00fcr jede Geschwindigkeit, die auf dem Maschinengeh\u00e4use markiert sind;Geschwindigkeit 1: bis zu 51 mm \/ Geschwindigkeit 2: 51-76 mm \/ Geschwindigkeit 3: 76-152 mm \/ Geschwindigkeit 4: 152 &#8211; 350 mm;Die Druckanzeige erm\u00f6glicht es dem Anwender, die Bohrgeschwindigkeit zu optimieren und das Werkzeug nicht \u00fcberm\u00e4\u00dfig zu beanspruchen.;Die Akkuladestandsanzeige erm\u00f6glicht es dem Anwender, die verbleibende Energie w\u00e4hrend jeder Anwendung zu \u00fcberwachen.;1 1\/4\u02dd UNC- oder 1\/2\u02dd G-Aufnahmen, kompatibel mit den g\u00e4ngigsten Bohrkronen auf dem Markt, Grundplattendesign f\u00fcr schnellen und einfachen Zubeh\u00f6rwechsel.;Kann mit einer optionalen Vakuumpumpe auf glatten und ebenen Oberfl\u00e4chen verwendet werden;Einfache und werkzeuglose Verbindung der Kernbohrmaschine mit dem St\u00e4nder;Das MX FUEL\u2122 System erm\u00f6glicht das Erreichen neuer Horizonte im Akkubetrieb: Leistung von Benzin-, kabelgebundenen oder pneumatischen L\u00f6sungen, unter Eliminierung der Gefahren durch Emissionen, L\u00e4rm, Vibrationen, Stolperfallen sowie komplexe Wartung;Das ONE-KEY\u2122 Tracking &amp; Security System bietet einen kostenlosen cloudbasierten Bestandsverwaltungs- und Trackingdienst sowie Fernsperrfunktionen<\/p>\n<p>4933493143<br \/>\n4058546480141<\/p>\n","protected":false},"excerpt":{"rendered":"<p>MXF DCD350KIT-122 \/MX FUEL<\/p>\n","protected":false},"featured_media":584887,"template":"","meta":{"_seopress_robots_primary_cat":"","_seopress_titles_title":"","_seopress_titles_desc":"","_seopress_robots_index":""},"product_brand":[3407],"product_cat":[5531,29,514],"product_tag":[3270],"class_list":{"0":"post-606892","1":"product","2":"type-product","3":"status-publish","4":"has-post-thumbnail","6":"product_brand-milwaukee","7":"product_cat-vari-macchinari-milwaukee","8":"product_cat-macchinari","9":"product_cat-altri-dispositivi","10":"product_tag-import-milwau","11":"sws-conto-ricavi-merci-rivendita-macchinari-de","12":"sws-gruppo-iva-iva81-de","14":"first","15":"onbackorder","16":"sale","17":"shipping-taxable","18":"purchasable","19":"product-type-simple"},"_links":{"self":[{"href":"https:\/\/lucacastelli.com\/de\/wp-json\/wp\/v2\/product\/606892","targetHints":{"allow":["GET"]}}],"collection":[{"href":"https:\/\/lucacastelli.com\/de\/wp-json\/wp\/v2\/product"}],"about":[{"href":"https:\/\/lucacastelli.com\/de\/wp-json\/wp\/v2\/types\/product"}],"wp:featuredmedia":[{"embeddable":true,"href":"https:\/\/lucacastelli.com\/de\/wp-json\/wp\/v2\/media\/584887"}],"wp:attachment":[{"href":"https:\/\/lucacastelli.com\/de\/wp-json\/wp\/v2\/media?parent=606892"}],"wp:term":[{"taxonomy":"product_brand","embeddable":true,"href":"https:\/\/lucacastelli.com\/de\/wp-json\/wp\/v2\/product_brand?post=606892"},{"taxonomy":"product_cat","embeddable":true,"href":"https:\/\/lucacastelli.com\/de\/wp-json\/wp\/v2\/product_cat?post=606892"},{"taxonomy":"product_tag","embeddable":true,"href":"https:\/\/lucacastelli.com\/de\/wp-json\/wp\/v2\/product_tag?post=606892"}],"curies":[{"name":"wp","href":"https:\/\/api.w.org\/{rel}","templated":true}]}}