{"id":606882,"date":"2025-08-10T12:42:10","date_gmt":"2025-08-10T10:42:10","guid":{"rendered":"https:\/\/lucacastelli.com\/prodotto\/milwaukee-stationaerer-einfaedler-2%e2%80%b3-mx-fuel-mit-one-key-2\/"},"modified":"2025-08-10T12:42:10","modified_gmt":"2025-08-10T10:42:10","slug":"milwaukee-stationaerer-einfaedler-2%e2%80%b3-mx-fuel-mit-one-key-2","status":"publish","type":"product","link":"https:\/\/lucacastelli.com\/de\/produkt\/milwaukee-stationaerer-einfaedler-2%e2%80%b3-mx-fuel-mit-one-key-2\/","title":{"rendered":"Milwaukee Station\u00e4rer Einf\u00e4dler 2\u2033 MX FUEL mit ONE-KEY\u2122"},"content":{"rendered":"<p>MXF PTR2-601 \/MX FUEL<br \/>\nGewindeschneidkapazit\u00e4t von 1\/8 Zoll bis zu 2 Zoll;3 in 1: Schneiden, Bohren und Gewindeschneiden;Hervorragende Leistung mit 2 Geschwindigkeitsstufen von 39 U\/min und 59 U\/min, die den Drahtgewindeschneidern der Konkurrenz in nichts nachstehen;Maximale Mobilit\u00e4t dank des klappbaren Trolleys, f\u00fcr den kein Werkzeug erforderlich ist;Integriertes Selbstschmiersystem mit Pumpe und \u00d6lfenster;M\u00f6glichkeit, den Gewindeschneider vertikal zu lagern, um den Platzbedarf beim Transport oder bei der Lagerung zu minimieren;Autonomie f\u00fcr einen ganzen Arbeitstag: bis zu 140 Zyklen (Schneiden + Bohren + Gewindeschneiden) mit einer 6 Ah MX FUEL-Batterie;Hohe Vielseitigkeit dank der voll ausgestatteten vorderen und hinteren Spindeln, die den Einsatz von Nutaufs\u00e4tzen an der R\u00fcckseite der Maschine erm\u00f6glichen;Das ONE-KEY\u2122 Tracking &amp; Security System bietet eine kostenlose cloudbasierte Bestandsverfolgung und -verwaltung und verf\u00fcgt au\u00dferdem \u00fcber eine Fernsperrfunktion;Das MX FUEL-System erm\u00f6glicht es dir, neue Horizonte bei der Akkuleistung zu erreichen: Leistung von benzinbetriebenen, kabellosen oder pneumatischen L\u00f6sungen und eliminiert die Gefahren, die mit Emissionen, L\u00e4rm, Vibrationen, Stolpern und komplexer Wartung verbunden sind<\/p>\n<p>4933492100<br \/>\n4058546414672<\/p>\n","protected":false},"excerpt":{"rendered":"<p>MXF PTR2-601 \/MX FUEL<\/p>\n","protected":false},"featured_media":583430,"template":"","meta":{"_seopress_robots_primary_cat":"","_seopress_titles_title":"","_seopress_titles_desc":"","_seopress_robots_index":""},"product_brand":[3407],"product_cat":[5531,29,514],"product_tag":[3270],"class_list":{"0":"post-606882","1":"product","2":"type-product","3":"status-publish","4":"has-post-thumbnail","6":"product_brand-milwaukee","7":"product_cat-vari-macchinari-milwaukee","8":"product_cat-macchinari","9":"product_cat-altri-dispositivi","10":"product_tag-import-milwau","11":"sws-conto-ricavi-merci-rivendita-macchinari-de","12":"sws-gruppo-iva-iva81-de","14":"first","15":"onbackorder","16":"sale","17":"shipping-taxable","18":"purchasable","19":"product-type-simple"},"_links":{"self":[{"href":"https:\/\/lucacastelli.com\/de\/wp-json\/wp\/v2\/product\/606882","targetHints":{"allow":["GET"]}}],"collection":[{"href":"https:\/\/lucacastelli.com\/de\/wp-json\/wp\/v2\/product"}],"about":[{"href":"https:\/\/lucacastelli.com\/de\/wp-json\/wp\/v2\/types\/product"}],"wp:featuredmedia":[{"embeddable":true,"href":"https:\/\/lucacastelli.com\/de\/wp-json\/wp\/v2\/media\/583430"}],"wp:attachment":[{"href":"https:\/\/lucacastelli.com\/de\/wp-json\/wp\/v2\/media?parent=606882"}],"wp:term":[{"taxonomy":"product_brand","embeddable":true,"href":"https:\/\/lucacastelli.com\/de\/wp-json\/wp\/v2\/product_brand?post=606882"},{"taxonomy":"product_cat","embeddable":true,"href":"https:\/\/lucacastelli.com\/de\/wp-json\/wp\/v2\/product_cat?post=606882"},{"taxonomy":"product_tag","embeddable":true,"href":"https:\/\/lucacastelli.com\/de\/wp-json\/wp\/v2\/product_tag?post=606882"}],"curies":[{"name":"wp","href":"https:\/\/api.w.org\/{rel}","templated":true}]}}