{"id":606880,"date":"2025-08-10T12:42:08","date_gmt":"2025-08-10T10:42:08","guid":{"rendered":"https:\/\/lucacastelli.com\/prodotto\/milwaukee-mx-fuel-600-mm-pulverisierer-2\/"},"modified":"2025-08-10T12:42:08","modified_gmt":"2025-08-10T10:42:08","slug":"milwaukee-mx-fuel-600-mm-pulverisierer-2","status":"publish","type":"product","link":"https:\/\/lucacastelli.com\/de\/produkt\/milwaukee-mx-fuel-600-mm-pulverisierer-2\/","title":{"rendered":"Milwaukee MX FUEL 600 mm Pulverisierer"},"content":{"rendered":"<p>MXFWBT60-122 GL\u00c4TTEKELLE<br \/>\nBietet ein sanftes und ausgewogenes Finishing-Erlebnis mit 5 PS Leistung;AUTOSTOP\u2122-System f\u00fcr maximalen Benutzerschutz;Bis zu 35 Minuten Laufzeit mit einer Batterie;Variable Scheibendrehzahl zwischen 30 und 160 U\/min;Ergonomischer Griff f\u00fcr maximale Kontrolle;Lenkerh\u00f6henverstellung f\u00fcr mehr Komfort;Feineinstellrad f\u00fcr pr\u00e4zise Einstellung der Messerneigung;Hebehaken f\u00fcr mehr Man\u00f6vrierf\u00e4higkeit auf der Baustelle;MX FUEL-System erm\u00f6glicht neue Horizonte der akkubetriebenen Leistung von benzinbetriebenen, kabelgebundenen oder pneumatischen L\u00f6sungen und eliminiert die Gefahren, die mit Emissionen, L\u00e4rm, Vibrationen, Stolperfallen und komplexer Wartung verbunden sind;Das ONE-KEY\u2122 Tracking &amp; Security System bietet kostenlose, cloudbasierte Bestandsverfolgung und -verwaltung, einschlie\u00dflich Fernsperrfunktion<\/p>\n<p>4933493601<br \/>\n4058546484729<\/p>\n","protected":false},"excerpt":{"rendered":"<p>MXFWBT60-122 GL\u00c4TTEKELLE<\/p>\n","protected":false},"featured_media":586445,"template":"","meta":{"_seopress_robots_primary_cat":"","_seopress_titles_title":"","_seopress_titles_desc":"","_seopress_robots_index":""},"product_brand":[3407],"product_cat":[5531,29,514],"product_tag":[3270],"class_list":{"0":"post-606880","1":"product","2":"type-product","3":"status-publish","4":"has-post-thumbnail","6":"product_brand-milwaukee","7":"product_cat-vari-macchinari-milwaukee","8":"product_cat-macchinari","9":"product_cat-altri-dispositivi","10":"product_tag-import-milwau","11":"sws-conto-ricavi-merci-rivendita-macchinari-de","12":"sws-gruppo-iva-iva81-de","14":"first","15":"onbackorder","16":"sale","17":"shipping-taxable","18":"purchasable","19":"product-type-simple"},"_links":{"self":[{"href":"https:\/\/lucacastelli.com\/de\/wp-json\/wp\/v2\/product\/606880","targetHints":{"allow":["GET"]}}],"collection":[{"href":"https:\/\/lucacastelli.com\/de\/wp-json\/wp\/v2\/product"}],"about":[{"href":"https:\/\/lucacastelli.com\/de\/wp-json\/wp\/v2\/types\/product"}],"wp:featuredmedia":[{"embeddable":true,"href":"https:\/\/lucacastelli.com\/de\/wp-json\/wp\/v2\/media\/586445"}],"wp:attachment":[{"href":"https:\/\/lucacastelli.com\/de\/wp-json\/wp\/v2\/media?parent=606880"}],"wp:term":[{"taxonomy":"product_brand","embeddable":true,"href":"https:\/\/lucacastelli.com\/de\/wp-json\/wp\/v2\/product_brand?post=606880"},{"taxonomy":"product_cat","embeddable":true,"href":"https:\/\/lucacastelli.com\/de\/wp-json\/wp\/v2\/product_cat?post=606880"},{"taxonomy":"product_tag","embeddable":true,"href":"https:\/\/lucacastelli.com\/de\/wp-json\/wp\/v2\/product_tag?post=606880"}],"curies":[{"name":"wp","href":"https:\/\/api.w.org\/{rel}","templated":true}]}}