{"id":606875,"date":"2025-08-10T12:42:09","date_gmt":"2025-08-10T10:42:09","guid":{"rendered":"https:\/\/lucacastelli.com\/prodotto\/milwaukee-stationaerer-einfaedler-2%e2%80%b3-mx-fuel-mit-one-key\/"},"modified":"2026-04-15T12:08:55","modified_gmt":"2026-04-15T10:08:55","slug":"milwaukee-stationaerer-einfaedler-2%e2%80%b3-mx-fuel-mit-one-key","status":"publish","type":"product","link":"https:\/\/lucacastelli.com\/de\/produkt\/milwaukee-stationaerer-einfaedler-2%e2%80%b3-mx-fuel-mit-one-key\/","title":{"rendered":"MILWAUKEE Station\u00e4res Gewindeschneidger\u00e4t 2&#8243; MX FUEL\u2122 mit ONE-KEY\u2122"},"content":{"rendered":"<p>MXF PTR2-0 \/MX FUEL<br \/>\nGewindeschneidkapazit\u00e4t von 1\/8&#8243; bis 2&#8243;; 3 in 1: Schneiden, Reiben und Gewindeschneiden; Hervorragende Leistung mit 2 Geschwindigkeitsstufen von 39 U\/min und 59 U\/min, vergleichbar mit kabelgebundenen Wettbewerbern; Maximale Mobilit\u00e4t dank werkzeuglos klappbarem Fahrgestell; Integriertes selbstschmierendes System mit Pumpe und \u00d6lfenster; M\u00f6glichkeit zur vertikalen Lagerung des Gewindeschneidger\u00e4ts f\u00fcr minimalen Platzbedarf beim Transport oder im Lager; Autonomie f\u00fcr einen Arbeitstag: bis zu 140 Zyklen (Schneiden + Reiben + Gewindeschneiden) mit einem MX FUEL\u2122 6-Ah-Akku; Hohe Vielseitigkeit dank vollst\u00e4ndig ausgestatteter vorderer und hinterer Spannfutter, die die Verwendung von Nutger\u00e4ten auf der R\u00fcckseite der Maschine erm\u00f6glichen; Das ONE-KEY\u2122 Tracking &amp; Security System bietet kostenlos einen cloudbasierten Tracking- und Inventarverwaltungsservice mit Fernverriegelungsfunktion; Das MX FUEL\u2122 System erm\u00f6glicht neue Dimensionen im Akkubetrieb: Leistung von Benzin-, Kabel- oder Druckluftl\u00f6sungen, ohne die damit verbundenen Gefahren durch Emissionen, L\u00e4rm, Vibrationen, Stolperfallen sowie komplexe Wartung<\/p>\n<p>4933498324<br \/>\n4058546521936<\/p>\n","protected":false},"excerpt":{"rendered":"<p>MXF PTR2-0 \/MX FUEL<\/p>\n","protected":false},"featured_media":587500,"template":"","meta":{"_seopress_robots_primary_cat":"","_seopress_titles_title":"","_seopress_titles_desc":"","_seopress_robots_index":""},"product_brand":[3656],"product_cat":[5534,169,1454],"product_tag":[3270],"class_list":{"0":"post-606875","1":"product","2":"type-product","3":"status-publish","4":"has-post-thumbnail","6":"product_brand-milwaukee-de","7":"product_cat-verschiedene-maschinen-von-milwaukee","8":"product_cat-maschinen","9":"product_cat-andere-gerate","10":"product_tag-import-milwau","11":"sws-conto-ricavi-merci-rivendita-macchinari-de","12":"sws-gruppo-iva-iva81-de","14":"first","15":"onbackorder","16":"sale","17":"shipping-taxable","18":"purchasable","19":"product-type-simple"},"_links":{"self":[{"href":"https:\/\/lucacastelli.com\/de\/wp-json\/wp\/v2\/product\/606875","targetHints":{"allow":["GET"]}}],"collection":[{"href":"https:\/\/lucacastelli.com\/de\/wp-json\/wp\/v2\/product"}],"about":[{"href":"https:\/\/lucacastelli.com\/de\/wp-json\/wp\/v2\/types\/product"}],"wp:featuredmedia":[{"embeddable":true,"href":"https:\/\/lucacastelli.com\/de\/wp-json\/wp\/v2\/media\/587500"}],"wp:attachment":[{"href":"https:\/\/lucacastelli.com\/de\/wp-json\/wp\/v2\/media?parent=606875"}],"wp:term":[{"taxonomy":"product_brand","embeddable":true,"href":"https:\/\/lucacastelli.com\/de\/wp-json\/wp\/v2\/product_brand?post=606875"},{"taxonomy":"product_cat","embeddable":true,"href":"https:\/\/lucacastelli.com\/de\/wp-json\/wp\/v2\/product_cat?post=606875"},{"taxonomy":"product_tag","embeddable":true,"href":"https:\/\/lucacastelli.com\/de\/wp-json\/wp\/v2\/product_tag?post=606875"}],"curies":[{"name":"wp","href":"https:\/\/api.w.org\/{rel}","templated":true}]}}