{"id":606874,"date":"2025-08-10T12:42:07","date_gmt":"2025-08-10T10:42:07","guid":{"rendered":"https:\/\/lucacastelli.com\/prodotto\/milwaukee-mx-fuel-600-mm-pulverisierer\/"},"modified":"2026-04-15T12:10:03","modified_gmt":"2026-04-15T10:10:03","slug":"milwaukee-mx-fuel-600-mm-pulverisierer","status":"publish","type":"product","link":"https:\/\/lucacastelli.com\/de\/produkt\/milwaukee-mx-fuel-600-mm-pulverisierer\/","title":{"rendered":"MILWAUKEE Gl\u00e4ttmaschine MX FUEL\u2122 600 mm"},"content":{"rendered":"<p>MXFWBT60-0 600MM WALK BEHIND TROWEL<br \/>\nBietet ein fl\u00fcssiges und ausgewogenes Gl\u00e4tterlebnis mit 5 PS Leistung; AUTOSTOP\u2122-System f\u00fcr maximalen Anwenderschutz; Bis zu 35 Minuten Laufzeit mit 1 Akku; Variable Scheibengeschwindigkeit zwischen 30 und 160 U\/min; Ergonomischer Griff f\u00fcr maximale Kontrolle; H\u00f6henverstellung des Lenkers f\u00fcr mehr Komfort; Feinverstellrad f\u00fcr pr\u00e4zise Einstellung der Blattneigung; Hebe\u00f6se f\u00fcr bessere Handhabung auf der Baustelle; Das MX FUEL\u2122-System erm\u00f6glicht neue akkubetriebene Dimensionen: Leistung von Benzin-, Kabel- oder Druckluftl\u00f6sungen, ohne die damit verbundenen Gefahren durch Emissionen, L\u00e4rm, Vibrationen, Stolperfallen sowie komplexe Wartung; Das ONE-KEY\u2122 Tracking &amp; Security-System bietet kostenlos einen cloudbasierten Tracking- und Inventarverwaltungsservice mit Fernverriegelungsfunktion<\/p>\n<p>4933498325<br \/>\n4058546521943<\/p>\n","protected":false},"excerpt":{"rendered":"<p>MXFWBT60-0 600MM WALK BEHIND TROWEL<\/p>\n","protected":false},"featured_media":587517,"template":"","meta":{"_seopress_robots_primary_cat":"","_seopress_titles_title":"","_seopress_titles_desc":"","_seopress_robots_index":""},"product_brand":[3407],"product_cat":[5531,29,514],"product_tag":[3270],"class_list":{"0":"post-606874","1":"product","2":"type-product","3":"status-publish","4":"has-post-thumbnail","6":"product_brand-milwaukee","7":"product_cat-vari-macchinari-milwaukee","8":"product_cat-macchinari","9":"product_cat-altri-dispositivi","10":"product_tag-import-milwau","11":"sws-conto-ricavi-merci-rivendita-macchinari-de","12":"sws-gruppo-iva-iva81-de","14":"first","15":"onbackorder","16":"sale","17":"shipping-taxable","18":"purchasable","19":"product-type-simple"},"_links":{"self":[{"href":"https:\/\/lucacastelli.com\/de\/wp-json\/wp\/v2\/product\/606874","targetHints":{"allow":["GET"]}}],"collection":[{"href":"https:\/\/lucacastelli.com\/de\/wp-json\/wp\/v2\/product"}],"about":[{"href":"https:\/\/lucacastelli.com\/de\/wp-json\/wp\/v2\/types\/product"}],"wp:featuredmedia":[{"embeddable":true,"href":"https:\/\/lucacastelli.com\/de\/wp-json\/wp\/v2\/media\/587517"}],"wp:attachment":[{"href":"https:\/\/lucacastelli.com\/de\/wp-json\/wp\/v2\/media?parent=606874"}],"wp:term":[{"taxonomy":"product_brand","embeddable":true,"href":"https:\/\/lucacastelli.com\/de\/wp-json\/wp\/v2\/product_brand?post=606874"},{"taxonomy":"product_cat","embeddable":true,"href":"https:\/\/lucacastelli.com\/de\/wp-json\/wp\/v2\/product_cat?post=606874"},{"taxonomy":"product_tag","embeddable":true,"href":"https:\/\/lucacastelli.com\/de\/wp-json\/wp\/v2\/product_tag?post=606874"}],"curies":[{"name":"wp","href":"https:\/\/api.w.org\/{rel}","templated":true}]}}