{"id":606868,"date":"2025-08-09T19:13:54","date_gmt":"2025-08-09T17:13:54","guid":{"rendered":"https:\/\/lucacastelli.com\/prodotto\/milwaukee-sds-plus-verlaengerungskabel\/"},"modified":"2025-08-09T19:13:54","modified_gmt":"2025-08-09T17:13:54","slug":"milwaukee-sds-plus-verlaengerungskabel","status":"publish","type":"product","link":"https:\/\/lucacastelli.com\/de\/produkt\/milwaukee-sds-plus-verlaengerungskabel\/","title":{"rendered":"Milwaukee SDS-Plus Verl\u00e4ngerungskabel"},"content":{"rendered":"<p>SDS-PLUS VERL\u00c4NGERUNG 450 MM -1St.<br \/>\nUniversell, zur Verl\u00e4ngerung von SDS-Plus-Bohrern;Schnell und einfach anzubringen;Passend f\u00fcr alle handels\u00fcblichen SDS-Plus-Bohrer und -Bohrkronen;Hervorragend geeignet zum \u00dcberwinden von Hindernissen, wie z. B. bereits verlegte Rohre oder \u00dcberkopfbohrungen;Erm\u00f6glicht tiefes Bohren, sogar in Stahlbeton. <\/p>\n<p>4932471154<br \/>\n4058546287825<\/p>\n","protected":false},"excerpt":{"rendered":"<p>SDS-PLUS VERL\u00c4NGERUNG 450 MM -1St.<\/p>\n","protected":false},"featured_media":530949,"template":"","meta":{"_seopress_robots_primary_cat":"","_seopress_titles_title":"","_seopress_titles_desc":"","_seopress_robots_index":""},"product_brand":[3656],"product_cat":[5529,150],"product_tag":[3272],"class_list":{"0":"post-606868","1":"product","2":"type-product","3":"status-publish","4":"has-post-thumbnail","6":"product_brand-milwaukee-de","7":"product_cat-workshop-tools","8":"product_cat-ausrustung","9":"product_tag-import-milwau-de","10":"sws-conto-ricavi-merci-rivendita-macchinari-de","11":"sws-gruppo-iva-iva81-de","13":"first","14":"onbackorder","15":"sale","16":"shipping-taxable","17":"purchasable","18":"product-type-simple"},"_links":{"self":[{"href":"https:\/\/lucacastelli.com\/de\/wp-json\/wp\/v2\/product\/606868","targetHints":{"allow":["GET"]}}],"collection":[{"href":"https:\/\/lucacastelli.com\/de\/wp-json\/wp\/v2\/product"}],"about":[{"href":"https:\/\/lucacastelli.com\/de\/wp-json\/wp\/v2\/types\/product"}],"wp:featuredmedia":[{"embeddable":true,"href":"https:\/\/lucacastelli.com\/de\/wp-json\/wp\/v2\/media\/530949"}],"wp:attachment":[{"href":"https:\/\/lucacastelli.com\/de\/wp-json\/wp\/v2\/media?parent=606868"}],"wp:term":[{"taxonomy":"product_brand","embeddable":true,"href":"https:\/\/lucacastelli.com\/de\/wp-json\/wp\/v2\/product_brand?post=606868"},{"taxonomy":"product_cat","embeddable":true,"href":"https:\/\/lucacastelli.com\/de\/wp-json\/wp\/v2\/product_cat?post=606868"},{"taxonomy":"product_tag","embeddable":true,"href":"https:\/\/lucacastelli.com\/de\/wp-json\/wp\/v2\/product_tag?post=606868"}],"curies":[{"name":"wp","href":"https:\/\/api.w.org\/{rel}","templated":true}]}}