{"id":606859,"date":"2025-08-09T19:13:51","date_gmt":"2025-08-09T17:13:51","guid":{"rendered":"https:\/\/lucacastelli.com\/prodotto\/milwaukee-verlaengerungsschnuere-%c2%bc%e2%80%b3-3\/"},"modified":"2025-08-09T19:13:51","modified_gmt":"2025-08-09T17:13:51","slug":"milwaukee-verlaengerungsschnuere-%c2%bc%e2%80%b3-3","status":"publish","type":"product","link":"https:\/\/lucacastelli.com\/de\/produkt\/milwaukee-verlaengerungsschnuere-%c2%bc%e2%80%b3-3\/","title":{"rendered":"Milwaukee Verl\u00e4ngerungsschn\u00fcre \u00bc\u2033"},"content":{"rendered":"<p>VERL\u00c4NGERUNG 1\/4&#8221; &#8211; 152 mm<br \/>\nPr\u00e4zisionsr\u00e4ndelung am Schaft und am weiblichen Ende f\u00fcr mehr Grip und Kontrolle.;Lasergedruckt zur schnellen und einfachen Identifizierung.;Verchromte Oberfl\u00e4che zum Schutz vor Korrosion und Rost.<\/p>\n<p>4932480909<br \/>\n4058546411947<\/p>\n","protected":false},"excerpt":{"rendered":"<p>Verl\u00e4ngerungskabel 1\/4&#8221; &#8211; 152 mm<\/p>\n","protected":false},"featured_media":554420,"template":"","meta":{"_seopress_robots_primary_cat":"","_seopress_titles_title":"","_seopress_titles_desc":"","_seopress_robots_index":""},"product_brand":[3656],"product_cat":[5529,150],"product_tag":[3272],"class_list":{"0":"post-606859","1":"product","2":"type-product","3":"status-publish","4":"has-post-thumbnail","6":"product_brand-milwaukee-de","7":"product_cat-workshop-tools","8":"product_cat-ausrustung","9":"product_tag-import-milwau-de","10":"sws-conto-ricavi-merci-rivendita-macchinari-de","11":"sws-gruppo-iva-iva81-de","13":"first","14":"onbackorder","15":"sale","16":"shipping-taxable","17":"purchasable","18":"product-type-simple"},"_links":{"self":[{"href":"https:\/\/lucacastelli.com\/de\/wp-json\/wp\/v2\/product\/606859","targetHints":{"allow":["GET"]}}],"collection":[{"href":"https:\/\/lucacastelli.com\/de\/wp-json\/wp\/v2\/product"}],"about":[{"href":"https:\/\/lucacastelli.com\/de\/wp-json\/wp\/v2\/types\/product"}],"wp:featuredmedia":[{"embeddable":true,"href":"https:\/\/lucacastelli.com\/de\/wp-json\/wp\/v2\/media\/554420"}],"wp:attachment":[{"href":"https:\/\/lucacastelli.com\/de\/wp-json\/wp\/v2\/media?parent=606859"}],"wp:term":[{"taxonomy":"product_brand","embeddable":true,"href":"https:\/\/lucacastelli.com\/de\/wp-json\/wp\/v2\/product_brand?post=606859"},{"taxonomy":"product_cat","embeddable":true,"href":"https:\/\/lucacastelli.com\/de\/wp-json\/wp\/v2\/product_cat?post=606859"},{"taxonomy":"product_tag","embeddable":true,"href":"https:\/\/lucacastelli.com\/de\/wp-json\/wp\/v2\/product_tag?post=606859"}],"curies":[{"name":"wp","href":"https:\/\/api.w.org\/{rel}","templated":true}]}}