{"id":606835,"date":"2025-08-09T19:13:42","date_gmt":"2025-08-09T17:13:42","guid":{"rendered":"https:\/\/lucacastelli.com\/prodotto\/milwaukee-verlaengerungsschnuere-mit-%c2%bd%e2%80%b3-schwenkkupplung-2\/"},"modified":"2025-08-09T19:13:42","modified_gmt":"2025-08-09T17:13:42","slug":"milwaukee-verlaengerungsschnuere-mit-%c2%bd%e2%80%b3-schwenkkupplung-2","status":"publish","type":"product","link":"https:\/\/lucacastelli.com\/de\/produkt\/milwaukee-verlaengerungsschnuere-mit-%c2%bd%e2%80%b3-schwenkkupplung-2\/","title":{"rendered":"Milwaukee Verl\u00e4ngerungsschn\u00fcre mit \u00bd\u2033-Schwenkkupplung"},"content":{"rendered":"<p>VERL\u00c4NGERUNG ATT. OSZILLIERENDE VERL\u00c4NGERUNG 1\/2 &#8211; 127 mm<br \/>\nDie Schwenkfunktion bietet idealen Zugang zu engen Einbaur\u00e4umen und kann auch als Standardverl\u00e4ngerung verwendet werden;Gerippter Griffbereich f\u00fcr besseren Halt beim Arbeiten mit den H\u00e4nden;Hochwertige Verchromung bietet idealen Schutz vor Rost;Eingegossene Gr\u00f6\u00dfenangabe zur einfachen Identifizierung <\/p>\n<p>4932480928<br \/>\n4058546412135<\/p>\n","protected":false},"excerpt":{"rendered":"<p>VERL\u00c4NGERUNG ATT. 1\/2 &#8211; 127 mm <\/p>\n","protected":false},"featured_media":554538,"template":"","meta":{"_seopress_robots_primary_cat":"","_seopress_titles_title":"","_seopress_titles_desc":"","_seopress_robots_index":""},"product_brand":[3407],"product_cat":[5416,33],"product_tag":[3270],"class_list":{"0":"post-606835","1":"product","2":"type-product","3":"status-publish","4":"has-post-thumbnail","6":"product_brand-milwaukee","7":"product_cat-utensili-per-officina","8":"product_cat-attrezzature","9":"product_tag-import-milwau","10":"sws-conto-ricavi-merci-rivendita-macchinari-de","11":"sws-gruppo-iva-iva81-de","13":"first","14":"onbackorder","15":"sale","16":"shipping-taxable","17":"purchasable","18":"product-type-simple"},"_links":{"self":[{"href":"https:\/\/lucacastelli.com\/de\/wp-json\/wp\/v2\/product\/606835","targetHints":{"allow":["GET"]}}],"collection":[{"href":"https:\/\/lucacastelli.com\/de\/wp-json\/wp\/v2\/product"}],"about":[{"href":"https:\/\/lucacastelli.com\/de\/wp-json\/wp\/v2\/types\/product"}],"wp:featuredmedia":[{"embeddable":true,"href":"https:\/\/lucacastelli.com\/de\/wp-json\/wp\/v2\/media\/554538"}],"wp:attachment":[{"href":"https:\/\/lucacastelli.com\/de\/wp-json\/wp\/v2\/media?parent=606835"}],"wp:term":[{"taxonomy":"product_brand","embeddable":true,"href":"https:\/\/lucacastelli.com\/de\/wp-json\/wp\/v2\/product_brand?post=606835"},{"taxonomy":"product_cat","embeddable":true,"href":"https:\/\/lucacastelli.com\/de\/wp-json\/wp\/v2\/product_cat?post=606835"},{"taxonomy":"product_tag","embeddable":true,"href":"https:\/\/lucacastelli.com\/de\/wp-json\/wp\/v2\/product_tag?post=606835"}],"curies":[{"name":"wp","href":"https:\/\/api.w.org\/{rel}","templated":true}]}}