{"id":606815,"date":"2025-08-09T19:13:19","date_gmt":"2025-08-09T17:13:19","guid":{"rendered":"https:\/\/lucacastelli.com\/prodotto\/milwaukee-verlaengerungsschnuere-mit-schwingungskupplung-%e2%85%9c%e2%80%b3-3\/"},"modified":"2025-08-09T19:13:19","modified_gmt":"2025-08-09T17:13:19","slug":"milwaukee-verlaengerungsschnuere-mit-schwingungskupplung-%e2%85%9c%e2%80%b3-3","status":"publish","type":"product","link":"https:\/\/lucacastelli.com\/de\/produkt\/milwaukee-verlaengerungsschnuere-mit-schwingungskupplung-%e2%85%9c%e2%80%b3-3\/","title":{"rendered":"Milwaukee Verl\u00e4ngerungsschn\u00fcre mit Schwingungskupplung \u215c\u2033."},"content":{"rendered":"<p>3\/8 Drive 305mm Wobble Extension<br \/>\nDie Schwenkfunktion bietet idealen Zugang zu engen Einbaur\u00e4umen und kann auch als Standardverl\u00e4ngerung verwendet werden;Gerippter Griffbereich f\u00fcr besseren Halt beim Arbeiten mit den H\u00e4nden;Hochwertige Verchromung bietet idealen Schutz gegen Rost;Eingegossene Gr\u00f6\u00dfenangabe zur einfachen Identifizierung<\/p>\n<p>4932480926<br \/>\n4058546412111<\/p>\n","protected":false},"excerpt":{"rendered":"<p>3\/8 Drive 305mm Taumelverl\u00e4ngerung<\/p>\n","protected":false},"featured_media":600307,"template":"","meta":{"_seopress_robots_primary_cat":"","_seopress_titles_title":"","_seopress_titles_desc":"","_seopress_robots_index":""},"product_brand":[3656],"product_cat":[5529,150],"product_tag":[3270],"class_list":{"0":"post-606815","1":"product","2":"type-product","3":"status-publish","4":"has-post-thumbnail","6":"product_brand-milwaukee-de","7":"product_cat-workshop-tools","8":"product_cat-ausrustung","9":"product_tag-import-milwau","10":"sws-conto-ricavi-merci-rivendita-macchinari-de","11":"sws-gruppo-iva-iva81-de","13":"first","14":"onbackorder","15":"sale","16":"shipping-taxable","17":"purchasable","18":"product-type-simple"},"_links":{"self":[{"href":"https:\/\/lucacastelli.com\/de\/wp-json\/wp\/v2\/product\/606815","targetHints":{"allow":["GET"]}}],"collection":[{"href":"https:\/\/lucacastelli.com\/de\/wp-json\/wp\/v2\/product"}],"about":[{"href":"https:\/\/lucacastelli.com\/de\/wp-json\/wp\/v2\/types\/product"}],"wp:featuredmedia":[{"embeddable":true,"href":"https:\/\/lucacastelli.com\/de\/wp-json\/wp\/v2\/media\/600307"}],"wp:attachment":[{"href":"https:\/\/lucacastelli.com\/de\/wp-json\/wp\/v2\/media?parent=606815"}],"wp:term":[{"taxonomy":"product_brand","embeddable":true,"href":"https:\/\/lucacastelli.com\/de\/wp-json\/wp\/v2\/product_brand?post=606815"},{"taxonomy":"product_cat","embeddable":true,"href":"https:\/\/lucacastelli.com\/de\/wp-json\/wp\/v2\/product_cat?post=606815"},{"taxonomy":"product_tag","embeddable":true,"href":"https:\/\/lucacastelli.com\/de\/wp-json\/wp\/v2\/product_tag?post=606815"}],"curies":[{"name":"wp","href":"https:\/\/api.w.org\/{rel}","templated":true}]}}