{"id":606814,"date":"2025-08-09T19:13:17","date_gmt":"2025-08-09T17:13:17","guid":{"rendered":"https:\/\/lucacastelli.com\/prodotto\/milwaukee-verlaengerungsschnuere-mit-schwingungskupplung-%e2%85%9c%e2%80%b3-2\/"},"modified":"2025-08-09T19:13:17","modified_gmt":"2025-08-09T17:13:17","slug":"milwaukee-verlaengerungsschnuere-mit-schwingungskupplung-%e2%85%9c%e2%80%b3-2","status":"publish","type":"product","link":"https:\/\/lucacastelli.com\/de\/produkt\/milwaukee-verlaengerungsschnuere-mit-schwingungskupplung-%e2%85%9c%e2%80%b3-2\/","title":{"rendered":"Milwaukee Verl\u00e4ngerungsschn\u00fcre mit Schwingungskupplung \u215c\u2033."},"content":{"rendered":"<p>3\/8 Drive 152mm Wobble Extension<br \/>\nDie Schwenkfunktion bietet idealen Zugang zu engen Einbaur\u00e4umen und kann auch als Standardverl\u00e4ngerung verwendet werden;Gerippter Griffbereich f\u00fcr besseren Halt beim Arbeiten mit den H\u00e4nden;Hochwertige Verchromung bietet idealen Schutz gegen Rost;Eingegossene Gr\u00f6\u00dfenangabe zur einfachen Identifizierung<\/p>\n<p>4932480924<br \/>\n4058546412098<\/p>\n","protected":false},"excerpt":{"rendered":"<p>3\/8 Drive 152mm Taumelverl\u00e4ngerung<\/p>\n","protected":false},"featured_media":554519,"template":"","meta":{"_seopress_robots_primary_cat":"","_seopress_titles_title":"","_seopress_titles_desc":"","_seopress_robots_index":""},"product_brand":[3407],"product_cat":[5416,33],"product_tag":[3270],"class_list":{"0":"post-606814","1":"product","2":"type-product","3":"status-publish","4":"has-post-thumbnail","6":"product_brand-milwaukee","7":"product_cat-utensili-per-officina","8":"product_cat-attrezzature","9":"product_tag-import-milwau","10":"sws-conto-ricavi-merci-rivendita-macchinari-de","11":"sws-gruppo-iva-iva81-de","13":"first","14":"onbackorder","15":"sale","16":"shipping-taxable","17":"purchasable","18":"product-type-simple"},"_links":{"self":[{"href":"https:\/\/lucacastelli.com\/de\/wp-json\/wp\/v2\/product\/606814","targetHints":{"allow":["GET"]}}],"collection":[{"href":"https:\/\/lucacastelli.com\/de\/wp-json\/wp\/v2\/product"}],"about":[{"href":"https:\/\/lucacastelli.com\/de\/wp-json\/wp\/v2\/types\/product"}],"wp:featuredmedia":[{"embeddable":true,"href":"https:\/\/lucacastelli.com\/de\/wp-json\/wp\/v2\/media\/554519"}],"wp:attachment":[{"href":"https:\/\/lucacastelli.com\/de\/wp-json\/wp\/v2\/media?parent=606814"}],"wp:term":[{"taxonomy":"product_brand","embeddable":true,"href":"https:\/\/lucacastelli.com\/de\/wp-json\/wp\/v2\/product_brand?post=606814"},{"taxonomy":"product_cat","embeddable":true,"href":"https:\/\/lucacastelli.com\/de\/wp-json\/wp\/v2\/product_cat?post=606814"},{"taxonomy":"product_tag","embeddable":true,"href":"https:\/\/lucacastelli.com\/de\/wp-json\/wp\/v2\/product_tag?post=606814"}],"curies":[{"name":"wp","href":"https:\/\/api.w.org\/{rel}","templated":true}]}}