{"id":606799,"date":"2025-08-09T19:13:13","date_gmt":"2025-08-09T17:13:13","guid":{"rendered":"https:\/\/lucacastelli.com\/prodotto\/milwaukee-promo-elektriker-fuer-packout-bereit\/"},"modified":"2025-08-09T19:13:13","modified_gmt":"2025-08-09T17:13:13","slug":"milwaukee-promo-elektriker-fuer-packout-bereit","status":"publish","type":"product","link":"https:\/\/lucacastelli.com\/de\/produkt\/milwaukee-promo-elektriker-fuer-packout-bereit\/","title":{"rendered":"MILWAUKEE PROMO-ELEKTRIKER F\u00dcR PACKOUT BEREIT"},"content":{"rendered":"<p>PROMO-PACKOUT ELEKTRIKER-SET<br \/>\nDreilappiger Schraubendreher, VDE SL-gepr\u00fcft 0,6 x 3,5 x 100 mm;Gepr\u00fcft bis zu 10.000V und garantiert bis zu 1.000V;Schlanker Durchmesser f\u00fcr den Zugang zu Anwendungen in engen R\u00e4umen;Komfortabler 3-seitiger Griff, optimiert f\u00fcr maximalen Benutzerkomfort und Anwendungen mit hohem Drehmoment;Lasergravur auf der Oberseite zur schnellen Modellidentifikation;3-seitiges Anti-Roll-Design f\u00fcr bessere Kraft\u00fcbertragungLoch zur Befestigung des Schraubendrehers an Sicherheitsschn\u00fcren;;Langspitzzange, VDE-gepr\u00fcft 205 mm;Getestet bei 10.000V und garantiert bei 1000V, getestet bei -40\u00b0 ,DIN ISO 5746, DIN EN\/IEC 60900;Stahlklingen sind vollst\u00e4ndig geschmiedet, geh\u00e4rtet und angelassen f\u00fcr maximale Haltbarkeit. Reflektionsfreie graue Titan-Oberfl\u00e4che f\u00fcr maximale Korrosionsbest\u00e4ndigkeit;Induktionsgeh\u00e4rtete Schneiden zum Schneiden selbst der h\u00e4rtesten Materialien;Pr\u00e4zises und flexibles Gelenk f\u00fcr maximale Kraft\u00fcbertragung f\u00fcr leichtes, m\u00fcheloses Arbeiten;Ergonomischer Softgrip-Griff f\u00fcr Komfort und Griffigkeit;Ber\u00fchrungsloser Spannungsdetektor;AC\/DC-Spannungserkennung von 50 bis 1000 V;\u00dcberspannungskategorie CAT IV 1000 V;Kann das Vorhandensein von Spannung mit und ohne Kontakt pr\u00fcfen;Gr\u00fcne Leuchtanzeige, wenn das Ger\u00e4t in Betrieb ist;Akustische Anzeige, wenn Spannung vorhanden ist;Rote Leuchtanzeige, wenn Spannung vorhanden ist;Ein-\/Ausschalttaste;Vielseitiger Clip;;PACKOUT Slim Compact Organizer;Teil des modularen PACKOUT\u2122-Aufbewahrungssystems;Hergestellt aus haltbarem Polymer, das die Sto\u00dffestigkeit auf der Baustelle erh\u00f6ht;Innen gibt es 1 gro\u00dfen Beh\u00e4lter und 4 kleine Beh\u00e4lter, die alle herausnehmbar sind. Alle Beh\u00e4lter enthalten Trennw\u00e4nde;Die F\u00e4cher sind versiegelt, damit der Inhalt w\u00e4hrend des Transports nicht ausl\u00e4uft;IP65-Schutzsystem zum Schutz vor Regen und Baustellenschmutz  <\/p>\n<p>4932493599<br \/>\n4058546484705<\/p>\n","protected":false},"excerpt":{"rendered":"<p>PROMO-PACKOUT ELEKTRIKER-SET<\/p>\n","protected":false},"featured_media":562755,"template":"","meta":{"_seopress_robots_primary_cat":"","_seopress_titles_title":"","_seopress_titles_desc":"","_seopress_robots_index":""},"product_brand":[3407],"product_cat":[5416,33],"product_tag":[3270],"class_list":{"0":"post-606799","1":"product","2":"type-product","3":"status-publish","4":"has-post-thumbnail","6":"product_brand-milwaukee","7":"product_cat-utensili-per-officina","8":"product_cat-attrezzature","9":"product_tag-import-milwau","10":"sws-conto-ricavi-merci-rivendita-macchinari-de","11":"sws-gruppo-iva-iva81-de","13":"first","14":"onbackorder","15":"sale","16":"shipping-taxable","17":"purchasable","18":"product-type-simple"},"_links":{"self":[{"href":"https:\/\/lucacastelli.com\/de\/wp-json\/wp\/v2\/product\/606799","targetHints":{"allow":["GET"]}}],"collection":[{"href":"https:\/\/lucacastelli.com\/de\/wp-json\/wp\/v2\/product"}],"about":[{"href":"https:\/\/lucacastelli.com\/de\/wp-json\/wp\/v2\/types\/product"}],"wp:featuredmedia":[{"embeddable":true,"href":"https:\/\/lucacastelli.com\/de\/wp-json\/wp\/v2\/media\/562755"}],"wp:attachment":[{"href":"https:\/\/lucacastelli.com\/de\/wp-json\/wp\/v2\/media?parent=606799"}],"wp:term":[{"taxonomy":"product_brand","embeddable":true,"href":"https:\/\/lucacastelli.com\/de\/wp-json\/wp\/v2\/product_brand?post=606799"},{"taxonomy":"product_cat","embeddable":true,"href":"https:\/\/lucacastelli.com\/de\/wp-json\/wp\/v2\/product_cat?post=606799"},{"taxonomy":"product_tag","embeddable":true,"href":"https:\/\/lucacastelli.com\/de\/wp-json\/wp\/v2\/product_tag?post=606799"}],"curies":[{"name":"wp","href":"https:\/\/api.w.org\/{rel}","templated":true}]}}