{"id":606794,"date":"2025-08-09T19:13:12","date_gmt":"2025-08-09T17:13:12","guid":{"rendered":"https:\/\/lucacastelli.com\/prodotto\/milwaukee-gelenkvierkant-mit-aussengewinde-1-2%cb%9d\/"},"modified":"2025-08-09T19:13:12","modified_gmt":"2025-08-09T17:13:12","slug":"milwaukee-gelenkvierkant-mit-aussengewinde-1-2%cb%9d","status":"publish","type":"product","link":"https:\/\/lucacastelli.com\/de\/produkt\/milwaukee-gelenkvierkant-mit-aussengewinde-1-2%cb%9d\/","title":{"rendered":"Milwaukee Gelenkvierkant mit Au\u00dfengewinde 1\/2\u02dd"},"content":{"rendered":"<p>QUADRO MALE SNODED 1\/2 &#8211; 610 mm<br \/>\nBietet eine zus\u00e4tzliche Hebelwirkung f\u00fcr st\u00e4rkere Schrauben; 180\u00b0 Drehkopf<\/p>\n<p>4932471867<br \/>\n4058546297664<\/p>\n","protected":false},"excerpt":{"rendered":"<p>VERSCHLITZTES M\u00c4NNCHEN VIERECKIG 1\/2 &#8211; 610 mm<\/p>\n","protected":false},"featured_media":538080,"template":"","meta":{"_seopress_robots_primary_cat":"","_seopress_titles_title":"","_seopress_titles_desc":"","_seopress_robots_index":""},"product_brand":[3407],"product_cat":[5416,33],"product_tag":[3270],"class_list":{"0":"post-606794","1":"product","2":"type-product","3":"status-publish","4":"has-post-thumbnail","6":"product_brand-milwaukee","7":"product_cat-utensili-per-officina","8":"product_cat-attrezzature","9":"product_tag-import-milwau","10":"sws-conto-ricavi-merci-rivendita-macchinari-de","11":"sws-gruppo-iva-iva81-de","13":"first","14":"onbackorder","15":"sale","16":"shipping-taxable","17":"purchasable","18":"product-type-simple"},"_links":{"self":[{"href":"https:\/\/lucacastelli.com\/de\/wp-json\/wp\/v2\/product\/606794","targetHints":{"allow":["GET"]}}],"collection":[{"href":"https:\/\/lucacastelli.com\/de\/wp-json\/wp\/v2\/product"}],"about":[{"href":"https:\/\/lucacastelli.com\/de\/wp-json\/wp\/v2\/types\/product"}],"wp:featuredmedia":[{"embeddable":true,"href":"https:\/\/lucacastelli.com\/de\/wp-json\/wp\/v2\/media\/538080"}],"wp:attachment":[{"href":"https:\/\/lucacastelli.com\/de\/wp-json\/wp\/v2\/media?parent=606794"}],"wp:term":[{"taxonomy":"product_brand","embeddable":true,"href":"https:\/\/lucacastelli.com\/de\/wp-json\/wp\/v2\/product_brand?post=606794"},{"taxonomy":"product_cat","embeddable":true,"href":"https:\/\/lucacastelli.com\/de\/wp-json\/wp\/v2\/product_cat?post=606794"},{"taxonomy":"product_tag","embeddable":true,"href":"https:\/\/lucacastelli.com\/de\/wp-json\/wp\/v2\/product_tag?post=606794"}],"curies":[{"name":"wp","href":"https:\/\/api.w.org\/{rel}","templated":true}]}}