{"id":606777,"date":"2025-08-09T19:13:06","date_gmt":"2025-08-09T17:13:06","guid":{"rendered":"https:\/\/lucacastelli.com\/prodotto\/milwaukee-sds-max-sledge-selbstschaerfende-meissel\/"},"modified":"2025-08-09T19:13:06","modified_gmt":"2025-08-09T17:13:06","slug":"milwaukee-sds-max-sledge-selbstschaerfende-meissel","status":"publish","type":"product","link":"https:\/\/lucacastelli.com\/de\/produkt\/milwaukee-sds-max-sledge-selbstschaerfende-meissel\/","title":{"rendered":"Milwaukee SDS-Max SLEDGE\u2122 Selbstsch\u00e4rfende Mei\u00dfel"},"content":{"rendered":"<p>SCALP PIAT AUTOAFF SDS-Max400X25MM 20pcs<br \/>\nBis zu 2-mal l\u00e4nger haltbar als Standardmei\u00dfel;Selbstsch\u00e4rfend, maximale Leistung f\u00fcr l\u00e4nger;Maximale Arbeitsfl\u00e4che, gr\u00f6\u00dfere Produktivit\u00e4t, gr\u00f6\u00dferer Abtrag;Rektifiziertes Ende. Sch\u00e4rft schneller und vermeidet Verklemmungen;Made in Germany <\/p>\n<p>4932478275<br \/>\n4058546344528<\/p>\n","protected":false},"excerpt":{"rendered":"<p>SCALP PIAT AUTOAFF SDS-Max400X25MM 20St\u00fcck<\/p>\n","protected":false},"featured_media":540558,"template":"","meta":{"_seopress_robots_primary_cat":"","_seopress_titles_title":"","_seopress_titles_desc":"","_seopress_robots_index":""},"product_brand":[3407],"product_cat":[5416,33],"product_tag":[3270],"class_list":{"0":"post-606777","1":"product","2":"type-product","3":"status-publish","4":"has-post-thumbnail","6":"product_brand-milwaukee","7":"product_cat-utensili-per-officina","8":"product_cat-attrezzature","9":"product_tag-import-milwau","10":"sws-conto-ricavi-merci-rivendita-macchinari-de","11":"sws-gruppo-iva-iva81-de","13":"first","14":"onbackorder","15":"sale","16":"shipping-taxable","17":"purchasable","18":"product-type-simple"},"_links":{"self":[{"href":"https:\/\/lucacastelli.com\/de\/wp-json\/wp\/v2\/product\/606777","targetHints":{"allow":["GET"]}}],"collection":[{"href":"https:\/\/lucacastelli.com\/de\/wp-json\/wp\/v2\/product"}],"about":[{"href":"https:\/\/lucacastelli.com\/de\/wp-json\/wp\/v2\/types\/product"}],"wp:featuredmedia":[{"embeddable":true,"href":"https:\/\/lucacastelli.com\/de\/wp-json\/wp\/v2\/media\/540558"}],"wp:attachment":[{"href":"https:\/\/lucacastelli.com\/de\/wp-json\/wp\/v2\/media?parent=606777"}],"wp:term":[{"taxonomy":"product_brand","embeddable":true,"href":"https:\/\/lucacastelli.com\/de\/wp-json\/wp\/v2\/product_brand?post=606777"},{"taxonomy":"product_cat","embeddable":true,"href":"https:\/\/lucacastelli.com\/de\/wp-json\/wp\/v2\/product_cat?post=606777"},{"taxonomy":"product_tag","embeddable":true,"href":"https:\/\/lucacastelli.com\/de\/wp-json\/wp\/v2\/product_tag?post=606777"}],"curies":[{"name":"wp","href":"https:\/\/api.w.org\/{rel}","templated":true}]}}