{"id":606761,"date":"2025-08-09T19:13:00","date_gmt":"2025-08-09T17:13:00","guid":{"rendered":"https:\/\/lucacastelli.com\/prodotto\/milwaukee-holzmeissel\/"},"modified":"2025-08-09T19:13:00","modified_gmt":"2025-08-09T17:13:00","slug":"milwaukee-holzmeissel","status":"publish","type":"product","link":"https:\/\/lucacastelli.com\/de\/produkt\/milwaukee-holzmeissel\/","title":{"rendered":"Milwaukee Holzmei\u00dfel"},"content":{"rendered":"<p>CHISEL F\u00dcR HOLZ 6mm<br \/>\nInterne Metallstruktur f\u00fcr maximale Haltbarkeit; Metallenden f\u00fcr Langlebigkeit; Gr\u00f6\u00dfengravur auf Klinge und Griff zur einfachen Identifizierung; Klingenetui f\u00fcr sicheren Transport<\/p>\n<p>4932479892<br \/>\n4058546376864<\/p>\n","protected":false},"excerpt":{"rendered":"<p>KREISEL F\u00dcR HOLZ 6mm<\/p>\n","protected":false},"featured_media":544976,"template":"","meta":{"_seopress_robots_primary_cat":"","_seopress_titles_title":"","_seopress_titles_desc":"","_seopress_robots_index":""},"product_brand":[3407],"product_cat":[5416,33],"product_tag":[3270],"class_list":{"0":"post-606761","1":"product","2":"type-product","3":"status-publish","4":"has-post-thumbnail","6":"product_brand-milwaukee","7":"product_cat-utensili-per-officina","8":"product_cat-attrezzature","9":"product_tag-import-milwau","10":"sws-conto-ricavi-merci-rivendita-macchinari-de","11":"sws-gruppo-iva-iva81-de","13":"first","14":"onbackorder","15":"sale","16":"shipping-taxable","17":"purchasable","18":"product-type-simple"},"_links":{"self":[{"href":"https:\/\/lucacastelli.com\/de\/wp-json\/wp\/v2\/product\/606761","targetHints":{"allow":["GET"]}}],"collection":[{"href":"https:\/\/lucacastelli.com\/de\/wp-json\/wp\/v2\/product"}],"about":[{"href":"https:\/\/lucacastelli.com\/de\/wp-json\/wp\/v2\/types\/product"}],"wp:featuredmedia":[{"embeddable":true,"href":"https:\/\/lucacastelli.com\/de\/wp-json\/wp\/v2\/media\/544976"}],"wp:attachment":[{"href":"https:\/\/lucacastelli.com\/de\/wp-json\/wp\/v2\/media?parent=606761"}],"wp:term":[{"taxonomy":"product_brand","embeddable":true,"href":"https:\/\/lucacastelli.com\/de\/wp-json\/wp\/v2\/product_brand?post=606761"},{"taxonomy":"product_cat","embeddable":true,"href":"https:\/\/lucacastelli.com\/de\/wp-json\/wp\/v2\/product_cat?post=606761"},{"taxonomy":"product_tag","embeddable":true,"href":"https:\/\/lucacastelli.com\/de\/wp-json\/wp\/v2\/product_tag?post=606761"}],"curies":[{"name":"wp","href":"https:\/\/api.w.org\/{rel}","templated":true}]}}