{"id":606753,"date":"2025-08-09T19:12:57","date_gmt":"2025-08-09T17:12:57","guid":{"rendered":"https:\/\/lucacastelli.com\/prodotto\/milwaukee-set-4-stk-haken-nr-1\/"},"modified":"2025-08-09T19:12:57","modified_gmt":"2025-08-09T17:12:57","slug":"milwaukee-set-4-stk-haken-nr-1","status":"publish","type":"product","link":"https:\/\/lucacastelli.com\/de\/produkt\/milwaukee-set-4-stk-haken-nr-1\/","title":{"rendered":"MILWAUKEE SET 4 STK. HAKEN NR. 1"},"content":{"rendered":"<p>SET 4 PZ-MESSER N\u00b01<br \/>\nHergestellt aus haltbarem Metall und verchromt f\u00fcr erh\u00f6hten Schutz gegen Rost;Das verchromte Metallteil reduziert Korrosion und bietet erh\u00f6hten Schutz gegen Rost;Der gummierte Griff erh\u00f6ht die Kontrolle und den Komfort bei der Anwendung;Wird in einem leicht zu \u00f6ffnenden Beh\u00e4lter geliefert<\/p>\n<p>4932499471<br \/>\n4058546566357<\/p>\n","protected":false},"excerpt":{"rendered":"<p>SATZ 4 ST\u00dcCK HAKEN NR. 1<\/p>\n","protected":false},"featured_media":592461,"template":"","meta":{"_seopress_robots_primary_cat":"","_seopress_titles_title":"","_seopress_titles_desc":"","_seopress_robots_index":""},"product_brand":[3407],"product_cat":[5416,33],"product_tag":[3270],"class_list":{"0":"post-606753","1":"product","2":"type-product","3":"status-publish","4":"has-post-thumbnail","6":"product_brand-milwaukee","7":"product_cat-utensili-per-officina","8":"product_cat-attrezzature","9":"product_tag-import-milwau","10":"sws-conto-ricavi-merci-rivendita-macchinari-de","11":"sws-gruppo-iva-iva81-de","13":"first","14":"onbackorder","15":"sale","16":"shipping-taxable","17":"purchasable","18":"product-type-simple"},"_links":{"self":[{"href":"https:\/\/lucacastelli.com\/de\/wp-json\/wp\/v2\/product\/606753","targetHints":{"allow":["GET"]}}],"collection":[{"href":"https:\/\/lucacastelli.com\/de\/wp-json\/wp\/v2\/product"}],"about":[{"href":"https:\/\/lucacastelli.com\/de\/wp-json\/wp\/v2\/types\/product"}],"wp:featuredmedia":[{"embeddable":true,"href":"https:\/\/lucacastelli.com\/de\/wp-json\/wp\/v2\/media\/592461"}],"wp:attachment":[{"href":"https:\/\/lucacastelli.com\/de\/wp-json\/wp\/v2\/media?parent=606753"}],"wp:term":[{"taxonomy":"product_brand","embeddable":true,"href":"https:\/\/lucacastelli.com\/de\/wp-json\/wp\/v2\/product_brand?post=606753"},{"taxonomy":"product_cat","embeddable":true,"href":"https:\/\/lucacastelli.com\/de\/wp-json\/wp\/v2\/product_cat?post=606753"},{"taxonomy":"product_tag","embeddable":true,"href":"https:\/\/lucacastelli.com\/de\/wp-json\/wp\/v2\/product_tag?post=606753"}],"curies":[{"name":"wp","href":"https:\/\/api.w.org\/{rel}","templated":true}]}}