{"id":606747,"date":"2025-08-09T19:12:56","date_gmt":"2025-08-09T17:12:56","guid":{"rendered":"https:\/\/lucacastelli.com\/prodotto\/milwaukee-sds-plus-mx4-drill-bit-set-1-7-stueck\/"},"modified":"2025-08-09T19:12:56","modified_gmt":"2025-08-09T17:12:56","slug":"milwaukee-sds-plus-mx4-drill-bit-set-1-7-stueck","status":"publish","type":"product","link":"https:\/\/lucacastelli.com\/de\/produkt\/milwaukee-sds-plus-mx4-drill-bit-set-1-7-stueck\/","title":{"rendered":"Milwaukee SDS-Plus MX4\u2122 Drill Bit Set 1 (7 St\u00fcck)"},"content":{"rendered":"<p>SET 1 SDS-Plus MX4 7pcs<br \/>\nEinzigartiger 4-Karbid-Schneidenblock (4&#215;90\u00b0). F\u00fcr perfekt runde L\u00f6cher und eine optimale Verankerung.;Neues Schneiden-Design f\u00fcr einfaches Bohren, h\u00f6here Pr\u00e4zision und mehr Leistung bei Bewehrungsst\u00e4ben.;Auf den Bohrerk\u00f6rper aufgeschwei\u00dfte Hartmetallschneide (5-10 mm) und auf den Bohrerk\u00f6rper aufgesetzte und aufgeschwei\u00dfte Hartmetallschneide (12-32 mm) f\u00fcr erh\u00f6hte Haltbarkeit.;4-Nuten-Geometrie: Die gro\u00dfvolumige 4-Helix-Geometrie garantiert eine optimale Staub- und Schuttabfuhr ;Zentrierspitze ;F\u00fcr einfaches Anbohren mit Millimetergenauigkeit.;PGM-zertifiziert;Made in Germany.<\/p>\n<p>4932492113<br \/>\n4058546414801<\/p>\n","protected":false},"excerpt":{"rendered":"<p>SET 1 SDS-Plus MX4 7tlg.<\/p>\n","protected":false},"featured_media":491422,"template":"","meta":{"_seopress_robots_primary_cat":"","_seopress_titles_title":"","_seopress_titles_desc":"","_seopress_robots_index":""},"product_brand":[3407],"product_cat":[5416,33],"product_tag":[3270],"class_list":{"0":"post-606747","1":"product","2":"type-product","3":"status-publish","4":"has-post-thumbnail","6":"product_brand-milwaukee","7":"product_cat-utensili-per-officina","8":"product_cat-attrezzature","9":"product_tag-import-milwau","10":"sws-conto-ricavi-merci-rivendita-macchinari-de","11":"sws-gruppo-iva-iva81-de","13":"first","14":"onbackorder","15":"sale","16":"shipping-taxable","17":"purchasable","18":"product-type-simple"},"_links":{"self":[{"href":"https:\/\/lucacastelli.com\/de\/wp-json\/wp\/v2\/product\/606747","targetHints":{"allow":["GET"]}}],"collection":[{"href":"https:\/\/lucacastelli.com\/de\/wp-json\/wp\/v2\/product"}],"about":[{"href":"https:\/\/lucacastelli.com\/de\/wp-json\/wp\/v2\/types\/product"}],"wp:featuredmedia":[{"embeddable":true,"href":"https:\/\/lucacastelli.com\/de\/wp-json\/wp\/v2\/media\/491422"}],"wp:attachment":[{"href":"https:\/\/lucacastelli.com\/de\/wp-json\/wp\/v2\/media?parent=606747"}],"wp:term":[{"taxonomy":"product_brand","embeddable":true,"href":"https:\/\/lucacastelli.com\/de\/wp-json\/wp\/v2\/product_brand?post=606747"},{"taxonomy":"product_cat","embeddable":true,"href":"https:\/\/lucacastelli.com\/de\/wp-json\/wp\/v2\/product_cat?post=606747"},{"taxonomy":"product_tag","embeddable":true,"href":"https:\/\/lucacastelli.com\/de\/wp-json\/wp\/v2\/product_tag?post=606747"}],"curies":[{"name":"wp","href":"https:\/\/api.w.org\/{rel}","templated":true}]}}