{"id":606742,"date":"2025-08-09T19:12:55","date_gmt":"2025-08-09T17:12:55","guid":{"rendered":"https:\/\/lucacastelli.com\/prodotto\/milwaukee-kompassschluessel-set-1-4_3-8-torx-13tlg\/"},"modified":"2025-08-09T19:12:55","modified_gmt":"2025-08-09T17:12:55","slug":"milwaukee-kompassschluessel-set-1-4_3-8-torx-13tlg","status":"publish","type":"product","link":"https:\/\/lucacastelli.com\/de\/produkt\/milwaukee-kompassschluessel-set-1-4_3-8-torx-13tlg\/","title":{"rendered":"Milwaukee KOMPASSSCHL\u00dcSSEL SET 1\/4_3\/8-TORX 13tlg."},"content":{"rendered":"<p>KOMPASS SCHRAUBENSATZ 1\/4_3\/8-TORX 13tlg.<br \/>\nFOUR FLAT\u2122 Design der Stecknuss verhindert das Rollen und die M\u00f6glichkeit, mehr Kraft mit einem Schraubenschl\u00fcssel aufzubringen;Schlankes Design f\u00fcr besseren Zugang in engen R\u00e4umen;Einteilige Schmiedekonstruktion erh\u00f6ht die Haltbarkeit bei Anwendungen mit hohem Drehmoment;Geformte Durchmesser f\u00fcr bessere Sichtbarkeit bei allen Lichtverh\u00e4ltnissen;Schiene f\u00fcr einfache Lagerung<\/p>\n<p>4932480565<br \/>\n4058546408503<\/p>\n","protected":false},"excerpt":{"rendered":"<p>KOMPASSSCHL\u00dcSSEL-SET 1\/4_3\/8-TORX 13tlg.<\/p>\n","protected":false},"featured_media":599947,"template":"","meta":{"_seopress_robots_primary_cat":"","_seopress_titles_title":"","_seopress_titles_desc":"","_seopress_robots_index":""},"product_brand":[3407],"product_cat":[5416,33],"product_tag":[3270],"class_list":{"0":"post-606742","1":"product","2":"type-product","3":"status-publish","4":"has-post-thumbnail","6":"product_brand-milwaukee","7":"product_cat-utensili-per-officina","8":"product_cat-attrezzature","9":"product_tag-import-milwau","10":"sws-conto-ricavi-merci-rivendita-macchinari-de","11":"sws-gruppo-iva-iva81-de","13":"first","14":"onbackorder","15":"sale","16":"shipping-taxable","17":"purchasable","18":"product-type-simple"},"_links":{"self":[{"href":"https:\/\/lucacastelli.com\/de\/wp-json\/wp\/v2\/product\/606742","targetHints":{"allow":["GET"]}}],"collection":[{"href":"https:\/\/lucacastelli.com\/de\/wp-json\/wp\/v2\/product"}],"about":[{"href":"https:\/\/lucacastelli.com\/de\/wp-json\/wp\/v2\/types\/product"}],"wp:featuredmedia":[{"embeddable":true,"href":"https:\/\/lucacastelli.com\/de\/wp-json\/wp\/v2\/media\/599947"}],"wp:attachment":[{"href":"https:\/\/lucacastelli.com\/de\/wp-json\/wp\/v2\/media?parent=606742"}],"wp:term":[{"taxonomy":"product_brand","embeddable":true,"href":"https:\/\/lucacastelli.com\/de\/wp-json\/wp\/v2\/product_brand?post=606742"},{"taxonomy":"product_cat","embeddable":true,"href":"https:\/\/lucacastelli.com\/de\/wp-json\/wp\/v2\/product_cat?post=606742"},{"taxonomy":"product_tag","embeddable":true,"href":"https:\/\/lucacastelli.com\/de\/wp-json\/wp\/v2\/product_tag?post=606742"}],"curies":[{"name":"wp","href":"https:\/\/api.w.org\/{rel}","templated":true}]}}