{"id":606740,"date":"2025-08-09T19:01:13","date_gmt":"2025-08-09T17:01:13","guid":{"rendered":"https:\/\/lucacastelli.com\/prodotto\/milwaukee-steckdosenverlaengerung-1%cb%9d-2\/"},"modified":"2025-08-09T19:01:13","modified_gmt":"2025-08-09T17:01:13","slug":"milwaukee-steckdosenverlaengerung-1%cb%9d-2","status":"publish","type":"product","link":"https:\/\/lucacastelli.com\/de\/produkt\/milwaukee-steckdosenverlaengerung-1%cb%9d-2\/","title":{"rendered":"Milwaukee Steckdosenverl\u00e4ngerung 1\u02dd"},"content":{"rendered":"<p>VERL\u00c4NGERUNGSKUPPLUNG 1 LUNGH. 300 mm<br \/>\nSHOCKWAVE\u2122 (Chrom-Molybd\u00e4n) schlagfester Stahl ist ein hochwertiger Stahl, der eine besonders lange Lebensdauer erm\u00f6glicht;gestanzte und farbcodierte Ma\u00dfe zur einfachen Identifizierung und um sicherzustellen, dass die Artikelnummer lange eingraviert bleibt;doppelte Bohrung und Rillen zur einfachen Befestigung von Sicherheitszubeh\u00f6r <\/p>\n<p>4932480441<br \/>\n4058546407261<\/p>\n","protected":false},"excerpt":{"rendered":"<p>VERL\u00c4NGERUNGSKUPPLUNG 1 L\u00c4NGE 300 mm<\/p>\n","protected":false},"featured_media":548473,"template":"","meta":{"_seopress_robots_primary_cat":"","_seopress_titles_title":"","_seopress_titles_desc":"","_seopress_robots_index":""},"product_brand":[3407],"product_cat":[29,514,549,550],"product_tag":[3270],"class_list":{"0":"post-606740","1":"product","2":"type-product","3":"status-publish","4":"has-post-thumbnail","6":"product_brand-milwaukee","7":"product_cat-macchinari","8":"product_cat-altri-dispositivi","9":"product_cat-trapani-e-avvitatori","10":"product_cat-accessori-per-trapani-ed-avvitatori","11":"product_tag-import-milwau","12":"sws-conto-ricavi-merci-rivendita-macchinari-de","13":"sws-gruppo-iva-iva81-de","15":"first","16":"onbackorder","17":"sale","18":"shipping-taxable","19":"purchasable","20":"product-type-simple"},"_links":{"self":[{"href":"https:\/\/lucacastelli.com\/de\/wp-json\/wp\/v2\/product\/606740","targetHints":{"allow":["GET"]}}],"collection":[{"href":"https:\/\/lucacastelli.com\/de\/wp-json\/wp\/v2\/product"}],"about":[{"href":"https:\/\/lucacastelli.com\/de\/wp-json\/wp\/v2\/types\/product"}],"wp:featuredmedia":[{"embeddable":true,"href":"https:\/\/lucacastelli.com\/de\/wp-json\/wp\/v2\/media\/548473"}],"wp:attachment":[{"href":"https:\/\/lucacastelli.com\/de\/wp-json\/wp\/v2\/media?parent=606740"}],"wp:term":[{"taxonomy":"product_brand","embeddable":true,"href":"https:\/\/lucacastelli.com\/de\/wp-json\/wp\/v2\/product_brand?post=606740"},{"taxonomy":"product_cat","embeddable":true,"href":"https:\/\/lucacastelli.com\/de\/wp-json\/wp\/v2\/product_cat?post=606740"},{"taxonomy":"product_tag","embeddable":true,"href":"https:\/\/lucacastelli.com\/de\/wp-json\/wp\/v2\/product_tag?post=606740"}],"curies":[{"name":"wp","href":"https:\/\/api.w.org\/{rel}","templated":true}]}}