{"id":606735,"date":"2025-08-09T19:12:51","date_gmt":"2025-08-09T17:12:51","guid":{"rendered":"https:\/\/lucacastelli.com\/prodotto\/milwaukee-pvc-matte-fuer-10-schubladen-wagen\/"},"modified":"2025-08-09T19:12:51","modified_gmt":"2025-08-09T17:12:51","slug":"milwaukee-pvc-matte-fuer-10-schubladen-wagen","status":"publish","type":"product","link":"https:\/\/lucacastelli.com\/de\/produkt\/milwaukee-pvc-matte-fuer-10-schubladen-wagen\/","title":{"rendered":"Milwaukee PVC-Matte f\u00fcr 10-Schubladen-Wagen"},"content":{"rendered":"<p>PVC-MATTE F\u00dcR 10-Schubladen-WAGEN<br \/>\nPVC-Matte zum Auflegen auf den 10-Schubladen-Wagen in Abwesenheit des 6-Schubladen-Wagens;Sorgt f\u00fcr produktives und sicheres Arbeiten auf der Wagenoberfl\u00e4che;Verhindert das Herabfallen und Wegrollen von Gegenst\u00e4nden;Einfache Anbringung mit 2 Klebestreifen<\/p>\n<p>4932492547 4058546419141<\/p>\n","protected":false},"excerpt":{"rendered":"<p>PVC TEPPICHWAGEN MIT 10 SCHUBLADEN<\/p>\n","protected":false},"featured_media":557229,"template":"","meta":{"_seopress_robots_primary_cat":"","_seopress_titles_title":"","_seopress_titles_desc":"","_seopress_robots_index":""},"product_brand":[3656],"product_cat":[150,5529],"product_tag":[3272],"class_list":{"0":"post-606735","1":"product","2":"type-product","3":"status-publish","4":"has-post-thumbnail","6":"product_brand-milwaukee-de","7":"product_cat-ausrustung","8":"product_cat-workshop-tools","9":"product_tag-import-milwau-de","10":"sws-conto-ricavi-merci-rivendita-macchinari-de","11":"sws-gruppo-iva-iva81-de","13":"first","14":"onbackorder","15":"sale","16":"shipping-taxable","17":"purchasable","18":"product-type-simple"},"_links":{"self":[{"href":"https:\/\/lucacastelli.com\/de\/wp-json\/wp\/v2\/product\/606735","targetHints":{"allow":["GET"]}}],"collection":[{"href":"https:\/\/lucacastelli.com\/de\/wp-json\/wp\/v2\/product"}],"about":[{"href":"https:\/\/lucacastelli.com\/de\/wp-json\/wp\/v2\/types\/product"}],"wp:featuredmedia":[{"embeddable":true,"href":"https:\/\/lucacastelli.com\/de\/wp-json\/wp\/v2\/media\/557229"}],"wp:attachment":[{"href":"https:\/\/lucacastelli.com\/de\/wp-json\/wp\/v2\/media?parent=606735"}],"wp:term":[{"taxonomy":"product_brand","embeddable":true,"href":"https:\/\/lucacastelli.com\/de\/wp-json\/wp\/v2\/product_brand?post=606735"},{"taxonomy":"product_cat","embeddable":true,"href":"https:\/\/lucacastelli.com\/de\/wp-json\/wp\/v2\/product_cat?post=606735"},{"taxonomy":"product_tag","embeddable":true,"href":"https:\/\/lucacastelli.com\/de\/wp-json\/wp\/v2\/product_tag?post=606735"}],"curies":[{"name":"wp","href":"https:\/\/api.w.org\/{rel}","templated":true}]}}