{"id":606725,"date":"2025-08-09T11:43:12","date_gmt":"2025-08-09T09:43:12","guid":{"rendered":"https:\/\/lucacastelli.com\/prodotto\/milwaukee-diamond-max-trockendiamantbohrer-10\/"},"modified":"2025-08-09T11:43:12","modified_gmt":"2025-08-09T09:43:12","slug":"milwaukee-diamond-max-trockendiamantbohrer-10","status":"publish","type":"product","link":"https:\/\/lucacastelli.com\/de\/produkt\/milwaukee-diamond-max-trockendiamantbohrer-10\/","title":{"rendered":"Milwaukee DIAMOND MAX\u2122 Trockendiamantbohrer"},"content":{"rendered":"<p>M14 Diamond Max Tile Drill 83mm-1pc<br \/>\nDiamantbohrkronen wurden speziell f\u00fcr Profis entwickelt, die extrem harte Materialien wie Porzellan \/ Steinzeug \/ Steinzeugfliesen, Gusseisen oder Fiberglas bohren m\u00fcssen, bei denen es immer schwieriger wird, mit herk\u00f6mmlichen Bohrkronen zu arbeiten. Diese Bohrkronen garantieren selbst in den schwierigsten Materialien eine hervorragende Leistung und eine \u00fcberragende Haltbarkeit;Trockener Einsatz: Diese Diamantbohrkronen ben\u00f6tigen kein Wasser zur K\u00fchlung;M14-Gewinde. Sie k\u00f6nnen direkt auf Schleifmaschinen montiert werden;Pr\u00e4zise und saubere L\u00f6cher: Bohren Sie L\u00f6cher ohne Risse am Umfang;Lebensdauer: Qualit\u00e4tsdiamant und robuste Hartl\u00f6tung wurden verwendet, um ein schnelles Schneiden und die beste Lebensdauerleistung zu gew\u00e4hrleisten;Langlebigkeit: haltbarer Legierungsk\u00f6rper, der sich nicht leicht verbiegt oder verformt;Einfacher Auswurf von Schutt: gr\u00f6\u00dfere Auswurfschlitze f\u00fcr bessere Hebelwirkung  <\/p>\n<p>4932498364<br \/>\n4058546522339<\/p>\n","protected":false},"excerpt":{"rendered":"<p>M14 Diamant-Max-Fliesenbohrer 83mm-1St.<\/p>\n","protected":false},"featured_media":600085,"template":"","meta":{"_seopress_robots_primary_cat":"","_seopress_titles_title":"","_seopress_titles_desc":"","_seopress_robots_index":""},"product_brand":[3407],"product_cat":[29,514,549,550],"product_tag":[3270],"class_list":{"0":"post-606725","1":"product","2":"type-product","3":"status-publish","4":"has-post-thumbnail","6":"product_brand-milwaukee","7":"product_cat-macchinari","8":"product_cat-altri-dispositivi","9":"product_cat-trapani-e-avvitatori","10":"product_cat-accessori-per-trapani-ed-avvitatori","11":"product_tag-import-milwau","12":"sws-conto-ricavi-merci-rivendita-macchinari-de","13":"sws-gruppo-iva-iva81-de","15":"first","16":"onbackorder","17":"sale","18":"shipping-taxable","19":"purchasable","20":"product-type-simple"},"_links":{"self":[{"href":"https:\/\/lucacastelli.com\/de\/wp-json\/wp\/v2\/product\/606725","targetHints":{"allow":["GET"]}}],"collection":[{"href":"https:\/\/lucacastelli.com\/de\/wp-json\/wp\/v2\/product"}],"about":[{"href":"https:\/\/lucacastelli.com\/de\/wp-json\/wp\/v2\/types\/product"}],"wp:featuredmedia":[{"embeddable":true,"href":"https:\/\/lucacastelli.com\/de\/wp-json\/wp\/v2\/media\/600085"}],"wp:attachment":[{"href":"https:\/\/lucacastelli.com\/de\/wp-json\/wp\/v2\/media?parent=606725"}],"wp:term":[{"taxonomy":"product_brand","embeddable":true,"href":"https:\/\/lucacastelli.com\/de\/wp-json\/wp\/v2\/product_brand?post=606725"},{"taxonomy":"product_cat","embeddable":true,"href":"https:\/\/lucacastelli.com\/de\/wp-json\/wp\/v2\/product_cat?post=606725"},{"taxonomy":"product_tag","embeddable":true,"href":"https:\/\/lucacastelli.com\/de\/wp-json\/wp\/v2\/product_tag?post=606725"}],"curies":[{"name":"wp","href":"https:\/\/api.w.org\/{rel}","templated":true}]}}