{"id":606677,"date":"2025-08-09T11:42:56","date_gmt":"2025-08-09T09:42:56","guid":{"rendered":"https:\/\/lucacastelli.com\/prodotto\/milwaukee-tunnel-bit-sds-max-80x550-mm\/"},"modified":"2025-08-09T11:42:56","modified_gmt":"2025-08-09T09:42:56","slug":"milwaukee-tunnel-bit-sds-max-80x550-mm","status":"publish","type":"product","link":"https:\/\/lucacastelli.com\/de\/produkt\/milwaukee-tunnel-bit-sds-max-80x550-mm\/","title":{"rendered":"Milwaukee TUNNEL BIT SDS-Max 80X550 MM"},"content":{"rendered":"<p>TUNNELBOHRER SDS-Max 80X550 MM<br \/>\nEinteilig aus robustem Stahl f\u00fcr maximale Festigkeit;Maximale Haltbarkeit und Lebensdauer;Tunnelbohrer;Kann mit Bohrh\u00e4mmern verwendet werden;Made in Germany;Tunnelbohrer (mit Gewindebolzen geliefert);Geeignet f\u00fcr Stahlbeton<\/p>\n<p>4932492060<br \/>\n4058546414276<\/p>\n","protected":false},"excerpt":{"rendered":"<p>SDS-Max TUNNEL BIT 80X550 MM<\/p>\n","protected":false},"featured_media":554852,"template":"","meta":{"_seopress_robots_primary_cat":"","_seopress_titles_title":"","_seopress_titles_desc":"","_seopress_robots_index":""},"product_brand":[3656],"product_cat":[1454,1553,169,1554],"product_tag":[3272],"class_list":{"0":"post-606677","1":"product","2":"type-product","3":"status-publish","4":"has-post-thumbnail","6":"product_brand-milwaukee-de","7":"product_cat-andere-gerate","8":"product_cat-bohrer-und-schraubendreher","9":"product_cat-maschinen","10":"product_cat-zubehor-fur-bohrmaschinen-und-schraubendreher","11":"product_tag-import-milwau-de","12":"sws-conto-ricavi-merci-rivendita-macchinari-de","13":"sws-gruppo-iva-iva81-de","15":"first","16":"onbackorder","17":"sale","18":"shipping-taxable","19":"purchasable","20":"product-type-simple"},"_links":{"self":[{"href":"https:\/\/lucacastelli.com\/de\/wp-json\/wp\/v2\/product\/606677","targetHints":{"allow":["GET"]}}],"collection":[{"href":"https:\/\/lucacastelli.com\/de\/wp-json\/wp\/v2\/product"}],"about":[{"href":"https:\/\/lucacastelli.com\/de\/wp-json\/wp\/v2\/types\/product"}],"wp:featuredmedia":[{"embeddable":true,"href":"https:\/\/lucacastelli.com\/de\/wp-json\/wp\/v2\/media\/554852"}],"wp:attachment":[{"href":"https:\/\/lucacastelli.com\/de\/wp-json\/wp\/v2\/media?parent=606677"}],"wp:term":[{"taxonomy":"product_brand","embeddable":true,"href":"https:\/\/lucacastelli.com\/de\/wp-json\/wp\/v2\/product_brand?post=606677"},{"taxonomy":"product_cat","embeddable":true,"href":"https:\/\/lucacastelli.com\/de\/wp-json\/wp\/v2\/product_cat?post=606677"},{"taxonomy":"product_tag","embeddable":true,"href":"https:\/\/lucacastelli.com\/de\/wp-json\/wp\/v2\/product_tag?post=606677"}],"curies":[{"name":"wp","href":"https:\/\/api.w.org\/{rel}","templated":true}]}}