{"id":606674,"date":"2025-08-09T11:42:55","date_gmt":"2025-08-09T09:42:55","guid":{"rendered":"https:\/\/lucacastelli.com\/prodotto\/milwaukee-tunnel-bit-sds-max-65x990-mm\/"},"modified":"2025-08-09T11:42:55","modified_gmt":"2025-08-09T09:42:55","slug":"milwaukee-tunnel-bit-sds-max-65x990-mm","status":"publish","type":"product","link":"https:\/\/lucacastelli.com\/de\/produkt\/milwaukee-tunnel-bit-sds-max-65x990-mm\/","title":{"rendered":"Milwaukee TUNNEL BIT SDS-Max 65X990 MM"},"content":{"rendered":"<p>TUNNELBOHRER SDS-Max 65X990 MM<br \/>\nEinteilig aus robustem Stahl f\u00fcr maximale Festigkeit;Maximale Haltbarkeit und Lebensdauer;Tunnelbohrer;Kann mit Bohrh\u00e4mmern verwendet werden;Made in Germany;Tunnelbohrer (mit Gewindebolzen geliefert);Geeignet f\u00fcr Stahlbeton<\/p>\n<p>4932492059<br \/>\n4058546414269<\/p>\n","protected":false},"excerpt":{"rendered":"<p>SDS-Max TUNNEL BIT 65X990 MM<\/p>\n","protected":false},"featured_media":554852,"template":"","meta":{"_seopress_robots_primary_cat":"","_seopress_titles_title":"","_seopress_titles_desc":"","_seopress_robots_index":""},"product_brand":[3407],"product_cat":[29,514,549,550],"product_tag":[3270],"class_list":{"0":"post-606674","1":"product","2":"type-product","3":"status-publish","4":"has-post-thumbnail","6":"product_brand-milwaukee","7":"product_cat-macchinari","8":"product_cat-altri-dispositivi","9":"product_cat-trapani-e-avvitatori","10":"product_cat-accessori-per-trapani-ed-avvitatori","11":"product_tag-import-milwau","12":"sws-conto-ricavi-merci-rivendita-macchinari-de","13":"sws-gruppo-iva-iva81-de","15":"first","16":"onbackorder","17":"sale","18":"shipping-taxable","19":"purchasable","20":"product-type-simple"},"_links":{"self":[{"href":"https:\/\/lucacastelli.com\/de\/wp-json\/wp\/v2\/product\/606674","targetHints":{"allow":["GET"]}}],"collection":[{"href":"https:\/\/lucacastelli.com\/de\/wp-json\/wp\/v2\/product"}],"about":[{"href":"https:\/\/lucacastelli.com\/de\/wp-json\/wp\/v2\/types\/product"}],"wp:featuredmedia":[{"embeddable":true,"href":"https:\/\/lucacastelli.com\/de\/wp-json\/wp\/v2\/media\/554852"}],"wp:attachment":[{"href":"https:\/\/lucacastelli.com\/de\/wp-json\/wp\/v2\/media?parent=606674"}],"wp:term":[{"taxonomy":"product_brand","embeddable":true,"href":"https:\/\/lucacastelli.com\/de\/wp-json\/wp\/v2\/product_brand?post=606674"},{"taxonomy":"product_cat","embeddable":true,"href":"https:\/\/lucacastelli.com\/de\/wp-json\/wp\/v2\/product_cat?post=606674"},{"taxonomy":"product_tag","embeddable":true,"href":"https:\/\/lucacastelli.com\/de\/wp-json\/wp\/v2\/product_tag?post=606674"}],"curies":[{"name":"wp","href":"https:\/\/api.w.org\/{rel}","templated":true}]}}