{"id":606671,"date":"2025-08-10T17:54:13","date_gmt":"2025-08-10T15:54:13","guid":{"rendered":"https:\/\/lucacastelli.com\/prodotto\/milwaukee-one-key-inventaraufkleber-3\/"},"modified":"2025-08-10T17:54:13","modified_gmt":"2025-08-10T15:54:13","slug":"milwaukee-one-key-inventaraufkleber-3","status":"publish","type":"product","link":"https:\/\/lucacastelli.com\/de\/produkt\/milwaukee-one-key-inventaraufkleber-3\/","title":{"rendered":"Milwaukee ONE-KEY\u2122 Inventaraufkleber"},"content":{"rendered":"<p>AIDTSM &#8211; SMALL, METAL SURFACE 100 PC<br \/>\nLanglebige Inventaraufkleber: lassen sich leicht an Elektrowerkzeugen und Arbeitsger\u00e4ten anbringen;Kompatibel mit dem ONE-KEY\u2122 System, mit Inventar- und Werkzeugverwaltungsfunktion;Einfach zu bedienen: Scannen per Smartphone- oder Tablet-Kamera und mit der ONE-KEY\u2122 App;Schnelles und zuverl\u00e4ssiges Scannen mit 2D-QR-Code;ONE-KEY\u2122 App zeichnet bei jedem Scan den zuletzt erkannten Ort und die Uhrzeit auf;Einfache und intuitive Inventarisierungsvorg\u00e4nge;Schnelle \u00dcberpr\u00fcfung des Lagerbestands oder des Werkzeugparks im Einsatz<\/p>\n<p>4932480561<br \/>\n4058546408466<\/p>\n","protected":false},"excerpt":{"rendered":"<p>AIDTSM &#8211; KLEIN, METALLOBERFL\u00c4CHE 100 ST.<\/p>\n","protected":false},"featured_media":552336,"template":"","meta":{"_seopress_robots_primary_cat":"","_seopress_titles_title":"","_seopress_titles_desc":"","_seopress_robots_index":""},"product_brand":[3656],"product_cat":[1454,169,1470],"product_tag":[3272],"class_list":{"0":"post-606671","1":"product","2":"type-product","3":"status-publish","4":"has-post-thumbnail","6":"product_brand-milwaukee-de","7":"product_cat-andere-gerate","8":"product_cat-maschinen","9":"product_cat-messgerate","10":"product_tag-import-milwau-de","11":"sws-conto-ricavi-merci-rivendita-macchinari-de","12":"sws-gruppo-iva-iva81-de","14":"first","15":"onbackorder","16":"sale","17":"shipping-taxable","18":"purchasable","19":"product-type-simple"},"_links":{"self":[{"href":"https:\/\/lucacastelli.com\/de\/wp-json\/wp\/v2\/product\/606671","targetHints":{"allow":["GET"]}}],"collection":[{"href":"https:\/\/lucacastelli.com\/de\/wp-json\/wp\/v2\/product"}],"about":[{"href":"https:\/\/lucacastelli.com\/de\/wp-json\/wp\/v2\/types\/product"}],"wp:featuredmedia":[{"embeddable":true,"href":"https:\/\/lucacastelli.com\/de\/wp-json\/wp\/v2\/media\/552336"}],"wp:attachment":[{"href":"https:\/\/lucacastelli.com\/de\/wp-json\/wp\/v2\/media?parent=606671"}],"wp:term":[{"taxonomy":"product_brand","embeddable":true,"href":"https:\/\/lucacastelli.com\/de\/wp-json\/wp\/v2\/product_brand?post=606671"},{"taxonomy":"product_cat","embeddable":true,"href":"https:\/\/lucacastelli.com\/de\/wp-json\/wp\/v2\/product_cat?post=606671"},{"taxonomy":"product_tag","embeddable":true,"href":"https:\/\/lucacastelli.com\/de\/wp-json\/wp\/v2\/product_tag?post=606671"}],"curies":[{"name":"wp","href":"https:\/\/api.w.org\/{rel}","templated":true}]}}