{"id":606666,"date":"2025-08-10T17:54:10","date_gmt":"2025-08-10T15:54:10","guid":{"rendered":"https:\/\/lucacastelli.com\/prodotto\/milwaukee-phasensucher-mit-laserthermometer-cat-iv\/"},"modified":"2025-08-10T17:54:10","modified_gmt":"2025-08-10T15:54:10","slug":"milwaukee-phasensucher-mit-laserthermometer-cat-iv","status":"publish","type":"product","link":"https:\/\/lucacastelli.com\/de\/produkt\/milwaukee-phasensucher-mit-laserthermometer-cat-iv\/","title":{"rendered":"Milwaukee Phasensucher mit Laserthermometer CAT IV"},"content":{"rendered":"<p>2225-20\/CERCAFASE<br \/>\nBreiter Messbereich, von 12 bis 1000V;Kategorie IV 1000V;Infrarot-Laserthermometer f\u00fcr Messungen von -30 Grad bis 250 Grad;Rote LED-Anzeige zeigt das Vorhandensein von Strom an;Zus\u00e4tzliches akustisches Signal zeigt das Vorhandensein von Strom an;Gr\u00fcnes Licht zeigt an, dass das Ger\u00e4t eingeschaltet ist;IP 54;Praktischer Trageclip;Beleuchtetes LCD-Display, w\u00e4hlbar in Grad oder GradF mit 0,1 Grad Aufl\u00f6sung;Ein\/Aus-Taste<\/p>\n<p>4932498859<br \/>\n4058546527280<\/p>\n","protected":false},"excerpt":{"rendered":"<p>2225-20\/SUCHERQUARTIER<\/p>\n","protected":false},"featured_media":600540,"template":"","meta":{"_seopress_robots_primary_cat":"","_seopress_titles_title":"","_seopress_titles_desc":"","_seopress_robots_index":""},"product_brand":[3656],"product_cat":[1454,169,1470],"product_tag":[3272],"class_list":{"0":"post-606666","1":"product","2":"type-product","3":"status-publish","4":"has-post-thumbnail","6":"product_brand-milwaukee-de","7":"product_cat-andere-gerate","8":"product_cat-maschinen","9":"product_cat-messgerate","10":"product_tag-import-milwau-de","11":"sws-conto-ricavi-merci-rivendita-macchinari-de","12":"sws-gruppo-iva-iva81-de","14":"first","15":"onbackorder","16":"sale","17":"shipping-taxable","18":"purchasable","19":"product-type-simple"},"_links":{"self":[{"href":"https:\/\/lucacastelli.com\/de\/wp-json\/wp\/v2\/product\/606666","targetHints":{"allow":["GET"]}}],"collection":[{"href":"https:\/\/lucacastelli.com\/de\/wp-json\/wp\/v2\/product"}],"about":[{"href":"https:\/\/lucacastelli.com\/de\/wp-json\/wp\/v2\/types\/product"}],"wp:featuredmedia":[{"embeddable":true,"href":"https:\/\/lucacastelli.com\/de\/wp-json\/wp\/v2\/media\/600540"}],"wp:attachment":[{"href":"https:\/\/lucacastelli.com\/de\/wp-json\/wp\/v2\/media?parent=606666"}],"wp:term":[{"taxonomy":"product_brand","embeddable":true,"href":"https:\/\/lucacastelli.com\/de\/wp-json\/wp\/v2\/product_brand?post=606666"},{"taxonomy":"product_cat","embeddable":true,"href":"https:\/\/lucacastelli.com\/de\/wp-json\/wp\/v2\/product_cat?post=606666"},{"taxonomy":"product_tag","embeddable":true,"href":"https:\/\/lucacastelli.com\/de\/wp-json\/wp\/v2\/product_tag?post=606666"}],"curies":[{"name":"wp","href":"https:\/\/api.w.org\/{rel}","templated":true}]}}