{"id":606660,"date":"2025-08-10T17:54:09","date_gmt":"2025-08-10T15:54:09","guid":{"rendered":"https:\/\/lucacastelli.com\/prodotto\/milwaukee-teleskopstange-36-m-fuer-laser\/"},"modified":"2025-08-10T17:54:09","modified_gmt":"2025-08-10T15:54:09","slug":"milwaukee-teleskopstange-36-m-fuer-laser","status":"publish","type":"product","link":"https:\/\/lucacastelli.com\/de\/produkt\/milwaukee-teleskopstange-36-m-fuer-laser\/","title":{"rendered":"Milwaukee Teleskopstange 3,6 m f\u00fcr Laser"},"content":{"rendered":"<p>LMP \/ACCESS LASER SYSTEM<br \/>\nDer Milwaukee\u00ae-Teleskop-Laserstab mit einer maximalen Auszugsl\u00e4nge von 3,6 Metern ist ideal f\u00fcr den Einsatz aller Linienlaser auch bei sehr hohen Decken;Der gefederte Schwenkkopf erm\u00f6glicht ein schnelles und einfaches Aufstellen auch auf unebenen Oberfl\u00e4chen;Die im Lieferumfang des Stabs enthaltene Schnellspannklemme l\u00e4sst sich bis zu 6.3 cm und kann an runden und quadratischen Materialien befestigt werden;Kompatibel mit allen Milwaukee\u00ae-Lasern, die \u00fcber den Magneten auf der R\u00fcckseite an der Klemme befestigt werden k\u00f6nnen;Markierungen f\u00fcr eine einfache Laserpositionierung<\/p>\n<p>4932479205<br \/>\n4058546369996<\/p>\n","protected":false},"excerpt":{"rendered":"<p>LMP \/ZUGANGSSYSTEM F\u00dcR LASER<\/p>\n","protected":false},"featured_media":543277,"template":"","meta":{"_seopress_robots_primary_cat":"","_seopress_titles_title":"","_seopress_titles_desc":"","_seopress_robots_index":""},"product_brand":[3407],"product_cat":[29,514,551],"product_tag":[3270],"class_list":{"0":"post-606660","1":"product","2":"type-product","3":"status-publish","4":"has-post-thumbnail","6":"product_brand-milwaukee","7":"product_cat-macchinari","8":"product_cat-altri-dispositivi","9":"product_cat-apparecchi-di-misurazione","10":"product_tag-import-milwau","11":"sws-conto-ricavi-merci-rivendita-macchinari-de","12":"sws-gruppo-iva-iva81-de","14":"first","15":"onbackorder","16":"sale","17":"shipping-taxable","18":"purchasable","19":"product-type-simple"},"_links":{"self":[{"href":"https:\/\/lucacastelli.com\/de\/wp-json\/wp\/v2\/product\/606660","targetHints":{"allow":["GET"]}}],"collection":[{"href":"https:\/\/lucacastelli.com\/de\/wp-json\/wp\/v2\/product"}],"about":[{"href":"https:\/\/lucacastelli.com\/de\/wp-json\/wp\/v2\/types\/product"}],"wp:featuredmedia":[{"embeddable":true,"href":"https:\/\/lucacastelli.com\/de\/wp-json\/wp\/v2\/media\/543277"}],"wp:attachment":[{"href":"https:\/\/lucacastelli.com\/de\/wp-json\/wp\/v2\/media?parent=606660"}],"wp:term":[{"taxonomy":"product_brand","embeddable":true,"href":"https:\/\/lucacastelli.com\/de\/wp-json\/wp\/v2\/product_brand?post=606660"},{"taxonomy":"product_cat","embeddable":true,"href":"https:\/\/lucacastelli.com\/de\/wp-json\/wp\/v2\/product_cat?post=606660"},{"taxonomy":"product_tag","embeddable":true,"href":"https:\/\/lucacastelli.com\/de\/wp-json\/wp\/v2\/product_tag?post=606660"}],"curies":[{"name":"wp","href":"https:\/\/api.w.org\/{rel}","templated":true}]}}