{"id":606654,"date":"2025-08-10T17:54:07","date_gmt":"2025-08-10T15:54:07","guid":{"rendered":"https:\/\/lucacastelli.com\/prodotto\/milwaukee-drahtlose-basis-fuer-linearlaser\/"},"modified":"2025-08-10T17:54:07","modified_gmt":"2025-08-10T15:54:07","slug":"milwaukee-drahtlose-basis-fuer-linearlaser","status":"publish","type":"product","link":"https:\/\/lucacastelli.com\/de\/produkt\/milwaukee-drahtlose-basis-fuer-linearlaser\/","title":{"rendered":"Milwaukee Drahtlose Basis f\u00fcr Linearlaser"},"content":{"rendered":"<p>WLB-C \/LASER-NIVellierzubeh\u00f6r<br \/>\nHorizontale motorisierte Pr\u00e4zisionssteuerung mit Mikro- und Makroausrichtungsfunktion;+38 m Entfernungssteuerung zur Abdeckung des gesamten Laserarbeitsbereichs;Orientiert sich am Punkt f\u00fcr eine schnellere Einrichtung beim Ausrichten von zwei Punkten;Schnellschiebehalterung f\u00fcr eine schnelle und einfache Installation;Intuitive Kopplung und Steuerung;20-Grad-Drehfunktion f\u00fcr die meisten Anwendungen;Verstellbare F\u00fc\u00dfe zur Vergr\u00f6\u00dferung des Nivellierbereichs;1\/4-Zoll-Gewinde f\u00fcr Stativmontage<\/p>\n<p>4932479198<br \/>\n4058546369927<\/p>\n","protected":false},"excerpt":{"rendered":"<p>WLB-C \/LASER LEVEL ZUBEH\u00d6R<\/p>\n","protected":false},"featured_media":543256,"template":"","meta":{"_seopress_robots_primary_cat":"","_seopress_titles_title":"","_seopress_titles_desc":"","_seopress_robots_index":""},"product_brand":[3407],"product_cat":[29,514,551],"product_tag":[3270],"class_list":{"0":"post-606654","1":"product","2":"type-product","3":"status-publish","4":"has-post-thumbnail","6":"product_brand-milwaukee","7":"product_cat-macchinari","8":"product_cat-altri-dispositivi","9":"product_cat-apparecchi-di-misurazione","10":"product_tag-import-milwau","11":"sws-conto-ricavi-merci-rivendita-macchinari-de","12":"sws-gruppo-iva-iva81-de","14":"first","15":"onbackorder","16":"sale","17":"shipping-taxable","18":"purchasable","19":"product-type-simple"},"_links":{"self":[{"href":"https:\/\/lucacastelli.com\/de\/wp-json\/wp\/v2\/product\/606654","targetHints":{"allow":["GET"]}}],"collection":[{"href":"https:\/\/lucacastelli.com\/de\/wp-json\/wp\/v2\/product"}],"about":[{"href":"https:\/\/lucacastelli.com\/de\/wp-json\/wp\/v2\/types\/product"}],"wp:featuredmedia":[{"embeddable":true,"href":"https:\/\/lucacastelli.com\/de\/wp-json\/wp\/v2\/media\/543256"}],"wp:attachment":[{"href":"https:\/\/lucacastelli.com\/de\/wp-json\/wp\/v2\/media?parent=606654"}],"wp:term":[{"taxonomy":"product_brand","embeddable":true,"href":"https:\/\/lucacastelli.com\/de\/wp-json\/wp\/v2\/product_brand?post=606654"},{"taxonomy":"product_cat","embeddable":true,"href":"https:\/\/lucacastelli.com\/de\/wp-json\/wp\/v2\/product_cat?post=606654"},{"taxonomy":"product_tag","embeddable":true,"href":"https:\/\/lucacastelli.com\/de\/wp-json\/wp\/v2\/product_tag?post=606654"}],"curies":[{"name":"wp","href":"https:\/\/api.w.org\/{rel}","templated":true}]}}