{"id":606651,"date":"2025-08-10T15:17:50","date_gmt":"2025-08-10T13:17:50","guid":{"rendered":"https:\/\/lucacastelli.com\/prodotto\/milwaukee-belueftete-low-profile-schutzbrille-2\/"},"modified":"2026-02-02T14:25:54","modified_gmt":"2026-02-02T13:25:54","slug":"milwaukee-belueftete-low-profile-schutzbrille-2","status":"publish","type":"product","link":"https:\/\/lucacastelli.com\/de\/produkt\/milwaukee-belueftete-low-profile-schutzbrille-2\/","title":{"rendered":"Milwaukee Bel\u00fcftete Low-Profile-Schutzbrille"},"content":{"rendered":"<p>AUGEN. MASCHE. LOW-PR VENT. TRANSP-1pcs<br \/>\nWiderstandsf\u00e4hige, kratzfeste Gl\u00e4ser;Langlebige Anti-Beschlag-Gl\u00e4ser;Erh\u00f6hter Aufprallschutz;Schutz vor Spritzern und Fl\u00fcssigkeiten;Indirekte Bel\u00fcftung;Kompakt f\u00fcr enge R\u00e4ume;Europ\u00e4ische Zertifizierung: EN166 und EN170 \/ EN172   <\/p>\n<p>4932493433<br \/>\n4058546483043<\/p>\n","protected":false},"excerpt":{"rendered":"<p>AUGEN. MASCHE. LOW-PR VENT. TRANSP-1St\u00fcck   <\/p>\n","protected":false},"featured_media":562366,"template":"","meta":{"_seopress_robots_primary_cat":"","_seopress_titles_title":"","_seopress_titles_desc":"","_seopress_robots_index":""},"product_brand":[3407],"product_cat":[33,537,816],"product_tag":[3270],"class_list":{"0":"post-606651","1":"product","2":"type-product","3":"status-publish","4":"has-post-thumbnail","6":"product_brand-milwaukee","7":"product_cat-attrezzature","8":"product_cat-attrezzatura-da-lavoro","9":"product_cat-visiere-e-occhiali-protettivi","10":"product_tag-import-milwau","11":"sws-conto-ricavi-merci-rivendita-macchinari-de","12":"sws-gruppo-iva-iva81-de","14":"first","15":"onbackorder","16":"shipping-taxable","17":"purchasable","18":"product-type-simple"},"_links":{"self":[{"href":"https:\/\/lucacastelli.com\/de\/wp-json\/wp\/v2\/product\/606651","targetHints":{"allow":["GET"]}}],"collection":[{"href":"https:\/\/lucacastelli.com\/de\/wp-json\/wp\/v2\/product"}],"about":[{"href":"https:\/\/lucacastelli.com\/de\/wp-json\/wp\/v2\/types\/product"}],"wp:featuredmedia":[{"embeddable":true,"href":"https:\/\/lucacastelli.com\/de\/wp-json\/wp\/v2\/media\/562366"}],"wp:attachment":[{"href":"https:\/\/lucacastelli.com\/de\/wp-json\/wp\/v2\/media?parent=606651"}],"wp:term":[{"taxonomy":"product_brand","embeddable":true,"href":"https:\/\/lucacastelli.com\/de\/wp-json\/wp\/v2\/product_brand?post=606651"},{"taxonomy":"product_cat","embeddable":true,"href":"https:\/\/lucacastelli.com\/de\/wp-json\/wp\/v2\/product_cat?post=606651"},{"taxonomy":"product_tag","embeddable":true,"href":"https:\/\/lucacastelli.com\/de\/wp-json\/wp\/v2\/product_tag?post=606651"}],"curies":[{"name":"wp","href":"https:\/\/api.w.org\/{rel}","templated":true}]}}