{"id":606643,"date":"2025-08-10T12:56:30","date_gmt":"2025-08-10T10:56:30","guid":{"rendered":"https:\/\/lucacastelli.com\/prodotto\/milwaukee-49160158\/"},"modified":"2025-08-10T12:56:30","modified_gmt":"2025-08-10T10:56:30","slug":"milwaukee-49160158","status":"publish","type":"product","link":"https:\/\/lucacastelli.com\/de\/produkt\/milwaukee-49160158\/","title":{"rendered":"Milwaukee 49160158"},"content":{"rendered":"<p>M18 STSO-0B \/SCHERE F\u00dcR PROFILE<br \/>\nDie sicherste und effektivste Art, Profile zu schneiden;Geeignet f\u00fcr 41&#215;41 mm, 41&#215;21 mm, 41&#215;22 mm Profile;Kompatibel mit den g\u00e4ngigsten Profilen auf dem Markt;Schneidet verzinkte Profile bis zu einer Dicke von 3 mm;Erm\u00f6glicht bis zu 200 Schnitte mit einem 5.0 Ah Akkuleistung;Schneidet ein 41&#215;41 mm Profil in weniger als 5 Sekunden;Sein Design erm\u00f6glicht die Verwendung auf dem Boden oder die Verankerung an einer Schraubstockbank;Perfekte Balance macht den Transport einfach;Vorbereitet f\u00fcr die Verankerung an der tragbaren Schraubstockbank MPS;Das ONE-KEY\u2122 Tracking &amp; Security System bietet kostenlose cloudbasierte Bestandsverfolgung und -verwaltung, einschlie\u00dflich Fernverriegelungsfunktion;Funktioniert mit allen Milwaukee M18 Akkus<\/p>\n<p>4933492097<br \/>\n4058546414641<\/p>\n","protected":false},"excerpt":{"rendered":"<p>M18 STSO-0B \/SCHERE F\u00dcR PROFILE<\/p>\n","protected":false},"featured_media":583373,"template":"","meta":{"_seopress_robots_primary_cat":"","_seopress_titles_title":"","_seopress_titles_desc":"","_seopress_robots_index":""},"product_brand":[3656],"product_cat":[5534,169],"product_tag":[3272],"class_list":{"0":"post-606643","1":"product","2":"type-product","3":"status-publish","4":"has-post-thumbnail","6":"product_brand-milwaukee-de","7":"product_cat-verschiedene-maschinen-von-milwaukee","8":"product_cat-maschinen","9":"product_tag-import-milwau-de","10":"sws-conto-ricavi-merci-rivendita-macchinari-de","11":"sws-gruppo-iva-iva81-de","13":"first","14":"onbackorder","15":"sale","16":"shipping-taxable","17":"purchasable","18":"product-type-simple"},"_links":{"self":[{"href":"https:\/\/lucacastelli.com\/de\/wp-json\/wp\/v2\/product\/606643","targetHints":{"allow":["GET"]}}],"collection":[{"href":"https:\/\/lucacastelli.com\/de\/wp-json\/wp\/v2\/product"}],"about":[{"href":"https:\/\/lucacastelli.com\/de\/wp-json\/wp\/v2\/types\/product"}],"wp:featuredmedia":[{"embeddable":true,"href":"https:\/\/lucacastelli.com\/de\/wp-json\/wp\/v2\/media\/583373"}],"wp:attachment":[{"href":"https:\/\/lucacastelli.com\/de\/wp-json\/wp\/v2\/media?parent=606643"}],"wp:term":[{"taxonomy":"product_brand","embeddable":true,"href":"https:\/\/lucacastelli.com\/de\/wp-json\/wp\/v2\/product_brand?post=606643"},{"taxonomy":"product_cat","embeddable":true,"href":"https:\/\/lucacastelli.com\/de\/wp-json\/wp\/v2\/product_cat?post=606643"},{"taxonomy":"product_tag","embeddable":true,"href":"https:\/\/lucacastelli.com\/de\/wp-json\/wp\/v2\/product_tag?post=606643"}],"curies":[{"name":"wp","href":"https:\/\/api.w.org\/{rel}","templated":true}]}}