{"id":606635,"date":"2025-08-10T12:48:09","date_gmt":"2025-08-10T10:48:09","guid":{"rendered":"https:\/\/lucacastelli.com\/prodotto\/milwaukee-energy-kit-mx-fuel-forge-2-x-8-ah-1-x-super-fast-charger\/"},"modified":"2025-08-10T12:48:09","modified_gmt":"2025-08-10T10:48:09","slug":"milwaukee-energy-kit-mx-fuel-forge-2-x-8-ah-1-x-super-fast-charger","status":"publish","type":"product","link":"https:\/\/lucacastelli.com\/de\/produkt\/milwaukee-energy-kit-mx-fuel-forge-2-x-8-ah-1-x-super-fast-charger\/","title":{"rendered":"Milwaukee Energy Kit MX FUEL FORGE\u2122 (2 x 8 Ah, 1 x Super Fast Charger)"},"content":{"rendered":"<p>MXF F\u00dcRGENRG-802 \/ENERGY KIT MXF<br \/>\nLiefert bis zu 25 % mehr Leistung und \u00fcberhitzt bis zu 25 % weniger als die MX FUEL XC406-Batterie (6 Ah);Bis zu 33 % mehr Produktivit\u00e4t im Vergleich zur MX FUEL XC406-Batterie (6 Ah);Vollst\u00e4ndige Aufladung in nur 45 Minuten mit dem MX FUEL-Superschnellladeger\u00e4t;Maximaler Schutz auf der Baustelle vor widrigen Wetter- und Umweltbedingungen;Volle Kompatibilit\u00e4t mit allen Werkzeugen der MX FUEL Plattform;Das ONE-KEY\u2122 Tracking &amp; Security System bietet kostenlose cloudbasierte Bestandsverfolgung und -verwaltung, einschlie\u00dflich Fernsperrung und Anwendungsberichten;Aktive K\u00fchltechnologie erm\u00f6glicht es dir, dank der COOL-CYCLE\u2122 Technologie schneller wieder voll leistungsf\u00e4hig zu sein;\u00dcberarbeitetes ergonomisches Design f\u00fcr maximalen Komfort;Kompatibel mit allen MX FUEL Werkzeugen;5-fach gummierte Beschichtung an den sto\u00dfgef\u00e4hrdeten Stellen f\u00fcr maximalen Schutz;Handgriff f\u00fcr einfachen Transport<\/p>\n<p>4933493548<br \/>\n4058546484194<\/p>\n","protected":false},"excerpt":{"rendered":"<p>MXF F\u00dcRGENRG-802 \/ENERGY KIT MXF<\/p>\n","protected":false},"featured_media":586158,"template":"","meta":{"_seopress_robots_primary_cat":"","_seopress_titles_title":"","_seopress_titles_desc":"","_seopress_robots_index":""},"product_brand":[3656],"product_cat":[1449,169],"product_tag":[3272],"class_list":{"0":"post-606635","1":"product","2":"type-product","3":"status-publish","4":"has-post-thumbnail","6":"product_brand-milwaukee-de","7":"product_cat-batteriesysteme-zubehor","8":"product_cat-maschinen","9":"product_tag-import-milwau-de","10":"sws-conto-ricavi-merci-rivendita-macchinari-de","11":"sws-gruppo-iva-iva81-de","13":"first","14":"onbackorder","15":"sale","16":"shipping-taxable","17":"purchasable","18":"product-type-simple"},"_links":{"self":[{"href":"https:\/\/lucacastelli.com\/de\/wp-json\/wp\/v2\/product\/606635","targetHints":{"allow":["GET"]}}],"collection":[{"href":"https:\/\/lucacastelli.com\/de\/wp-json\/wp\/v2\/product"}],"about":[{"href":"https:\/\/lucacastelli.com\/de\/wp-json\/wp\/v2\/types\/product"}],"wp:featuredmedia":[{"embeddable":true,"href":"https:\/\/lucacastelli.com\/de\/wp-json\/wp\/v2\/media\/586158"}],"wp:attachment":[{"href":"https:\/\/lucacastelli.com\/de\/wp-json\/wp\/v2\/media?parent=606635"}],"wp:term":[{"taxonomy":"product_brand","embeddable":true,"href":"https:\/\/lucacastelli.com\/de\/wp-json\/wp\/v2\/product_brand?post=606635"},{"taxonomy":"product_cat","embeddable":true,"href":"https:\/\/lucacastelli.com\/de\/wp-json\/wp\/v2\/product_cat?post=606635"},{"taxonomy":"product_tag","embeddable":true,"href":"https:\/\/lucacastelli.com\/de\/wp-json\/wp\/v2\/product_tag?post=606635"}],"curies":[{"name":"wp","href":"https:\/\/api.w.org\/{rel}","templated":true}]}}