{"id":606632,"date":"2025-08-10T12:48:10","date_gmt":"2025-08-10T10:48:10","guid":{"rendered":"https:\/\/lucacastelli.com\/prodotto\/milwaukee-3-600-1-800w-mx-fuel-generator\/"},"modified":"2025-08-10T12:48:10","modified_gmt":"2025-08-10T10:48:10","slug":"milwaukee-3-600-1-800w-mx-fuel-generator","status":"publish","type":"product","link":"https:\/\/lucacastelli.com\/de\/produkt\/milwaukee-3-600-1-800w-mx-fuel-generator\/","title":{"rendered":"Milwaukee 3.600\/1.800W MX FUEL Generator"},"content":{"rendered":"<p>MXF PS-0 \/MX FUEL<br \/>\nDas MX FUEL-System setzt neue Ma\u00dfst\u00e4be in Sachen Batterieleistung: Es bietet die Leistung von benzinbetriebenen, kabellosen oder pneumatischen L\u00f6sungen und eliminiert die Gefahren, die mit Emissionen, L\u00e4rm, Vibrationen, Stolperfallen und komplexer Wartung verbunden sind;Spitzenleistung von 3.600 W und Dauerleistung von 1.800 W reine Wellenleistung: versorgt sowohl 16A Ger\u00e4te mit hohem Stromverbrauch als auch elektronische Ger\u00e4te;Kann in Innenr\u00e4umen verwendet werden: keine Emissionen und niedriger Ger\u00e4uschpegel (60 dB(A);Batteriestrom macht Kosten f\u00fcr Benzin und Wartung \u00fcberfl\u00fcssig, reduziert Ausfallzeiten und erh\u00f6ht die Arbeitsproduktivit\u00e4t;Funktioniert als Ladeger\u00e4t f\u00fcr MX FUEL-Batterien, wenn es eingesteckt ist;ONE-KEY\u2122 Tracking &amp; Sicherheitssystem bietet kostenlose, cloudbasierte Bestandsverfolgung und -verwaltung, einschlie\u00dflich Fernsperrfunktion;Maximaler Schutz und Haltbarkeit durch robustes K\u00e4figdesign;L\u00e4uft mit einer oder zwei Batterien, um die Laufzeit zu maximieren;Kann ein 16A- und ein Niederspannungsger\u00e4t gleichzeitig mit Strom versorgen;Darf nicht bei schlechtem Wetter (Regen, Schnee) verwendet werden<\/p>\n<p>4933493922<br \/>\n4058546510824<\/p>\n","protected":false},"excerpt":{"rendered":"<p>MXF PS-0 \/MX FUEL<\/p>\n","protected":false},"featured_media":586512,"template":"","meta":{"_seopress_robots_primary_cat":"","_seopress_titles_title":"","_seopress_titles_desc":"","_seopress_robots_index":""},"product_brand":[3656],"product_cat":[169,1454,1511],"product_tag":[3272],"class_list":{"0":"post-606632","1":"product","2":"type-product","3":"status-publish","4":"has-post-thumbnail","6":"product_brand-milwaukee-de","7":"product_cat-maschinen","8":"product_cat-andere-gerate","9":"product_cat-stromerzeuger","10":"product_tag-import-milwau-de","11":"sws-conto-ricavi-merci-rivendita-macchinari-de","12":"sws-gruppo-iva-iva81-de","14":"first","15":"onbackorder","16":"sale","17":"shipping-taxable","18":"purchasable","19":"product-type-simple"},"_links":{"self":[{"href":"https:\/\/lucacastelli.com\/de\/wp-json\/wp\/v2\/product\/606632","targetHints":{"allow":["GET"]}}],"collection":[{"href":"https:\/\/lucacastelli.com\/de\/wp-json\/wp\/v2\/product"}],"about":[{"href":"https:\/\/lucacastelli.com\/de\/wp-json\/wp\/v2\/types\/product"}],"wp:featuredmedia":[{"embeddable":true,"href":"https:\/\/lucacastelli.com\/de\/wp-json\/wp\/v2\/media\/586512"}],"wp:attachment":[{"href":"https:\/\/lucacastelli.com\/de\/wp-json\/wp\/v2\/media?parent=606632"}],"wp:term":[{"taxonomy":"product_brand","embeddable":true,"href":"https:\/\/lucacastelli.com\/de\/wp-json\/wp\/v2\/product_brand?post=606632"},{"taxonomy":"product_cat","embeddable":true,"href":"https:\/\/lucacastelli.com\/de\/wp-json\/wp\/v2\/product_cat?post=606632"},{"taxonomy":"product_tag","embeddable":true,"href":"https:\/\/lucacastelli.com\/de\/wp-json\/wp\/v2\/product_tag?post=606632"}],"curies":[{"name":"wp","href":"https:\/\/api.w.org\/{rel}","templated":true}]}}