{"id":606629,"date":"2025-08-10T12:48:08","date_gmt":"2025-08-10T10:48:08","guid":{"rendered":"https:\/\/lucacastelli.com\/prodotto\/milwaukee-energy-kit-mx-fuel-forge-2-x-12-ah-1-x-super-fast-charger\/"},"modified":"2025-08-10T12:48:08","modified_gmt":"2025-08-10T10:48:08","slug":"milwaukee-energy-kit-mx-fuel-forge-2-x-12-ah-1-x-super-fast-charger","status":"publish","type":"product","link":"https:\/\/lucacastelli.com\/de\/produkt\/milwaukee-energy-kit-mx-fuel-forge-2-x-12-ah-1-x-super-fast-charger\/","title":{"rendered":"Milwaukee Energy Kit MX FUEL FORGE\u2122 (2 x 12 Ah, 1 x Super Fast Charger)"},"content":{"rendered":"<p>MXF F\u00dcRGENRG-122 \/ENERGY KIT MXF<br \/>\nMX FUEL 12 Ah-Akku: der leistungsst\u00e4rkste Akku der MX FUEL-Plattform; liefert bis zu 50 % mehr Leistung und erw\u00e4rmt sich bis zu 50 % weniger als der MX FUEL XC406-Akku (6 Ah); ist mit dem MX FUEL-Superschnellladeger\u00e4t in nur 65 Minuten vollst\u00e4ndig aufgeladen; aktive K\u00fchltechnologie: Dank der COOL-CYCLE\u2122 Technologie bist du schneller wieder voll leistungsf\u00e4hig;\u00dcberarbeitetes ergonomisches Design f\u00fcr maximalen Komfort;Volle Kompatibilit\u00e4t mit allen Werkzeugen der MX FUEL Plattform;Das ONE-KEY\u2122 Tracking &amp; Security System bietet eine kostenlose, cloudbasierte Bestandsverfolgung und -verwaltung und verf\u00fcgt au\u00dferdem \u00fcber Funktionen zur Fernsperrung und Anwendungsmeldung;Aktualisiertes L\u00fcftungsdesign f\u00fcr maximalen Luftstrom von COOL-CYCLE\u2122-Ladeger\u00e4ten; Kompatibel mit allen MX FUEL-Werkzeugen; 5-fach gummierte Beschichtung an den sto\u00dfgef\u00e4hrdetsten Stellen f\u00fcr maximalen Schutz; Griff f\u00fcr einfachen Transport<\/p>\n<p>4933493549<br \/>\n4058546484200<\/p>\n","protected":false},"excerpt":{"rendered":"<p>MXF F\u00dcRGENRG-122 \/ENERGY KIT MXF<\/p>\n","protected":false},"featured_media":586163,"template":"","meta":{"_seopress_robots_primary_cat":"","_seopress_titles_title":"","_seopress_titles_desc":"","_seopress_robots_index":""},"product_brand":[3656],"product_cat":[1449,169],"product_tag":[3272],"class_list":{"0":"post-606629","1":"product","2":"type-product","3":"status-publish","4":"has-post-thumbnail","6":"product_brand-milwaukee-de","7":"product_cat-batteriesysteme-zubehor","8":"product_cat-maschinen","9":"product_tag-import-milwau-de","10":"sws-conto-ricavi-merci-rivendita-macchinari-de","11":"sws-gruppo-iva-iva81-de","13":"first","14":"onbackorder","15":"sale","16":"shipping-taxable","17":"purchasable","18":"product-type-simple"},"_links":{"self":[{"href":"https:\/\/lucacastelli.com\/de\/wp-json\/wp\/v2\/product\/606629","targetHints":{"allow":["GET"]}}],"collection":[{"href":"https:\/\/lucacastelli.com\/de\/wp-json\/wp\/v2\/product"}],"about":[{"href":"https:\/\/lucacastelli.com\/de\/wp-json\/wp\/v2\/types\/product"}],"wp:featuredmedia":[{"embeddable":true,"href":"https:\/\/lucacastelli.com\/de\/wp-json\/wp\/v2\/media\/586163"}],"wp:attachment":[{"href":"https:\/\/lucacastelli.com\/de\/wp-json\/wp\/v2\/media?parent=606629"}],"wp:term":[{"taxonomy":"product_brand","embeddable":true,"href":"https:\/\/lucacastelli.com\/de\/wp-json\/wp\/v2\/product_brand?post=606629"},{"taxonomy":"product_cat","embeddable":true,"href":"https:\/\/lucacastelli.com\/de\/wp-json\/wp\/v2\/product_cat?post=606629"},{"taxonomy":"product_tag","embeddable":true,"href":"https:\/\/lucacastelli.com\/de\/wp-json\/wp\/v2\/product_tag?post=606629"}],"curies":[{"name":"wp","href":"https:\/\/api.w.org\/{rel}","templated":true}]}}