{"id":606623,"date":"2025-08-10T12:48:05","date_gmt":"2025-08-10T10:48:05","guid":{"rendered":"https:\/\/lucacastelli.com\/prodotto\/milwaukee-wagen-fuer-mxf-cos350g2-schneidemaschine\/"},"modified":"2025-08-14T12:52:43","modified_gmt":"2025-08-14T10:52:43","slug":"milwaukee-wagen-fuer-mxf-cos350g2-schneidemaschine","status":"publish","type":"product","link":"https:\/\/lucacastelli.com\/de\/produkt\/milwaukee-wagen-fuer-mxf-cos350g2-schneidemaschine\/","title":{"rendered":"Milwaukee Wagen f\u00fcr MXF COS350G2 Trennschleifer"},"content":{"rendered":"<p>MXF COSCG2\/TRONCATR TROLLEY<br \/>\n350 mm Trennschleifer f\u00fcr gerade Schnitte mit einer Schnitttiefe von 125 mm;H\u00f6henverstellbarer F\u00fchrungsgriff und leicht erreichbarer Griff f\u00fcr die Tiefeneinstellung f\u00fcr einfache Einhandbedienung;Werkzeugloser Maschinen- und Wassertankaufsatz, kompatibel mit dem M18 SWITCH TANK\u2122 austauschbaren Wasserversorgungs- und Spr\u00fchsystem;M\u00f6glichkeit zur Aufbewahrung eines Ersatzakkus;F\u00fcr pr\u00e4zise gerade Schnitte in Beton oder Asphalt<\/p>\n<p>4933493264<br \/>\n4058546481353<\/p>\n","protected":false},"excerpt":{"rendered":"<p>MXF COSCG2\/TRUNK CART<\/p>\n","protected":false},"featured_media":585162,"template":"","meta":{"_seopress_robots_primary_cat":"","_seopress_titles_title":"","_seopress_titles_desc":"","_seopress_robots_index":""},"product_brand":[3407],"product_cat":[29,495,496],"product_tag":[3270],"class_list":{"0":"post-606623","1":"product","2":"type-product","3":"status-publish","4":"has-post-thumbnail","6":"product_brand-milwaukee","7":"product_cat-macchinari","8":"product_cat-troncatrici-e-mototroncatrici","9":"product_cat-troncatrici","10":"product_tag-import-milwau","11":"sws-conto-ricavi-merci-rivendita-macchinari-de","12":"sws-gruppo-iva-iva81-de","14":"first","15":"onbackorder","16":"sale","17":"shipping-taxable","18":"purchasable","19":"product-type-simple"},"_links":{"self":[{"href":"https:\/\/lucacastelli.com\/de\/wp-json\/wp\/v2\/product\/606623","targetHints":{"allow":["GET"]}}],"collection":[{"href":"https:\/\/lucacastelli.com\/de\/wp-json\/wp\/v2\/product"}],"about":[{"href":"https:\/\/lucacastelli.com\/de\/wp-json\/wp\/v2\/types\/product"}],"wp:featuredmedia":[{"embeddable":true,"href":"https:\/\/lucacastelli.com\/de\/wp-json\/wp\/v2\/media\/585162"}],"wp:attachment":[{"href":"https:\/\/lucacastelli.com\/de\/wp-json\/wp\/v2\/media?parent=606623"}],"wp:term":[{"taxonomy":"product_brand","embeddable":true,"href":"https:\/\/lucacastelli.com\/de\/wp-json\/wp\/v2\/product_brand?post=606623"},{"taxonomy":"product_cat","embeddable":true,"href":"https:\/\/lucacastelli.com\/de\/wp-json\/wp\/v2\/product_cat?post=606623"},{"taxonomy":"product_tag","embeddable":true,"href":"https:\/\/lucacastelli.com\/de\/wp-json\/wp\/v2\/product_tag?post=606623"}],"curies":[{"name":"wp","href":"https:\/\/api.w.org\/{rel}","templated":true}]}}