{"id":606603,"date":"2025-08-10T12:42:48","date_gmt":"2025-08-10T10:42:48","guid":{"rendered":"https:\/\/lucacastelli.com\/prodotto\/milwaukee-ruettelnadeln-fuer-den-mx-fuel-hochfrequenz-betonruettler\/"},"modified":"2025-08-10T12:42:48","modified_gmt":"2025-08-10T10:42:48","slug":"milwaukee-ruettelnadeln-fuer-den-mx-fuel-hochfrequenz-betonruettler","status":"publish","type":"product","link":"https:\/\/lucacastelli.com\/de\/produkt\/milwaukee-ruettelnadeln-fuer-den-mx-fuel-hochfrequenz-betonruettler\/","title":{"rendered":"Milwaukee R\u00fcttelnadeln f\u00fcr den MX FUEL Hochfrequenz-Betonr\u00fcttler"},"content":{"rendered":"<p>MXFCVSHF-10\/57 Betonr\u00fcttler<br \/>\nWelle und R\u00fcttelkopf passend f\u00fcr MXF CVHF Hochfrequenz-Betonverdichter<\/p>\n<p>4932498139<br \/>\n4058546512996<\/p>\n","protected":false},"excerpt":{"rendered":"<p>MXFCVSHF-10\/57 Betonr\u00fcttler<\/p>\n","protected":false},"featured_media":600708,"template":"","meta":{"_seopress_robots_primary_cat":"","_seopress_titles_title":"","_seopress_titles_desc":"","_seopress_robots_index":""},"product_brand":[3656],"product_cat":[1454,169,5534],"product_tag":[3272],"class_list":{"0":"post-606603","1":"product","2":"type-product","3":"status-publish","4":"has-post-thumbnail","6":"product_brand-milwaukee-de","7":"product_cat-andere-gerate","8":"product_cat-maschinen","9":"product_cat-verschiedene-maschinen-von-milwaukee","10":"product_tag-import-milwau-de","11":"sws-conto-ricavi-merci-rivendita-macchinari-de","12":"sws-gruppo-iva-iva81-de","14":"first","15":"onbackorder","16":"sale","17":"shipping-taxable","18":"purchasable","19":"product-type-simple"},"_links":{"self":[{"href":"https:\/\/lucacastelli.com\/de\/wp-json\/wp\/v2\/product\/606603","targetHints":{"allow":["GET"]}}],"collection":[{"href":"https:\/\/lucacastelli.com\/de\/wp-json\/wp\/v2\/product"}],"about":[{"href":"https:\/\/lucacastelli.com\/de\/wp-json\/wp\/v2\/types\/product"}],"wp:featuredmedia":[{"embeddable":true,"href":"https:\/\/lucacastelli.com\/de\/wp-json\/wp\/v2\/media\/600708"}],"wp:attachment":[{"href":"https:\/\/lucacastelli.com\/de\/wp-json\/wp\/v2\/media?parent=606603"}],"wp:term":[{"taxonomy":"product_brand","embeddable":true,"href":"https:\/\/lucacastelli.com\/de\/wp-json\/wp\/v2\/product_brand?post=606603"},{"taxonomy":"product_cat","embeddable":true,"href":"https:\/\/lucacastelli.com\/de\/wp-json\/wp\/v2\/product_cat?post=606603"},{"taxonomy":"product_tag","embeddable":true,"href":"https:\/\/lucacastelli.com\/de\/wp-json\/wp\/v2\/product_tag?post=606603"}],"curies":[{"name":"wp","href":"https:\/\/api.w.org\/{rel}","templated":true}]}}