{"id":606592,"date":"2025-08-10T14:59:30","date_gmt":"2025-08-10T12:59:30","guid":{"rendered":"https:\/\/lucacastelli.com\/prodotto\/milwaukee-energy-kit-m18-forge-2-x-6-ah-1-x-m18-dbsc-ladegeraet\/"},"modified":"2025-08-10T14:59:30","modified_gmt":"2025-08-10T12:59:30","slug":"milwaukee-energy-kit-m18-forge-2-x-6-ah-1-x-m18-dbsc-ladegeraet","status":"publish","type":"product","link":"https:\/\/lucacastelli.com\/de\/produkt\/milwaukee-energy-kit-m18-forge-2-x-6-ah-1-x-m18-dbsc-ladegeraet\/","title":{"rendered":"Milwaukee ENERGY KIT M18 FORGE\u2122 ( 2 X 6 AH, 1 X M18 DBSC Ladeger\u00e4t)"},"content":{"rendered":"<p>M18 FORGENRG-602 \/ENERGY KIT<br \/>\nEntfesselt die Kraft des 12 Ah M18 HIGH OUTPUT\u2122 Akkus in einer kompakteren und leichteren Form;Erreicht eine 80%ige Ladung in nur 15 Minuten, wenn er \u00fcber das M18 Super Rapid Simultaneous Charger aufgeladen wird;L\u00e4ngere Lebensdauer, um mehr Aufladungen und eine bessere Leistung \u00fcber die gesamte Lebensdauer zu gew\u00e4hrleisten;REDLITHIUM\u2122 FORGE\u2122 ist die leistungsst\u00e4rkste, am schnellsten aufladbare und langlebigste Akkutechnologie unter den REDLITHIUM\u2122-Akkus; Bietet den besten Schutz vor Umwelt-, Witterungs- und Baustellenbedingungen; Langlebiges Geh\u00e4use, das einen verbesserten Schutz gegen die g\u00e4ngigsten \u00d6le, L\u00f6sungsmittel und Fette bietet;Intelligentes REDLINK\u2122-Elektroniksystem sch\u00fctzt den Akku vor den h\u00e4rtesten Situationen und sorgt f\u00fcr maximale Leistung;Kompatibel mit allen M18-Werkzeugen im Sortiment;Verbesserte Akkuladezustandsanzeige f\u00fcr bessere Sichtbarkeit im Sonnenlicht;Adaptive Ladeverteilung erm\u00f6glicht das gleichzeitige Laden mehrerer Akkus, um die Produktivit\u00e4t zu maximieren;Gleichzeitiges Laden von zwei M18-Akkus mit dem gleichzeitigen Schnellladeger\u00e4t;COOL-CYCLE\u2122-Aktivk\u00fchlsystem sorgt f\u00fcr Hochgeschwindigkeitsk\u00fchlung, um Ausfallzeiten zu reduzieren. Die aktive K\u00fchlfunktion funktioniert mit Akkus, die mit der COOL-CYCLE\u2122-Funktion ausgestattet sind. <\/p>\n<p>4933498549<br \/>\n4058546524180<\/p>\n","protected":false},"excerpt":{"rendered":"<p>M18 FORGENRG-602 \/ENERGY KIT<\/p>\n","protected":false},"featured_media":587595,"template":"","meta":{"_seopress_robots_primary_cat":"","_seopress_titles_title":"","_seopress_titles_desc":"","_seopress_robots_index":""},"product_brand":[3407],"product_cat":[29,491],"product_tag":[3270],"class_list":{"0":"post-606592","1":"product","2":"type-product","3":"status-publish","4":"has-post-thumbnail","6":"product_brand-milwaukee","7":"product_cat-macchinari","8":"product_cat-accessori-sistemi-a-batteria","9":"product_tag-import-milwau","10":"sws-conto-ricavi-merci-rivendita-macchinari-de","11":"sws-gruppo-iva-iva81-de","13":"first","14":"onbackorder","15":"sale","16":"shipping-taxable","17":"purchasable","18":"product-type-simple"},"_links":{"self":[{"href":"https:\/\/lucacastelli.com\/de\/wp-json\/wp\/v2\/product\/606592","targetHints":{"allow":["GET"]}}],"collection":[{"href":"https:\/\/lucacastelli.com\/de\/wp-json\/wp\/v2\/product"}],"about":[{"href":"https:\/\/lucacastelli.com\/de\/wp-json\/wp\/v2\/types\/product"}],"wp:featuredmedia":[{"embeddable":true,"href":"https:\/\/lucacastelli.com\/de\/wp-json\/wp\/v2\/media\/587595"}],"wp:attachment":[{"href":"https:\/\/lucacastelli.com\/de\/wp-json\/wp\/v2\/media?parent=606592"}],"wp:term":[{"taxonomy":"product_brand","embeddable":true,"href":"https:\/\/lucacastelli.com\/de\/wp-json\/wp\/v2\/product_brand?post=606592"},{"taxonomy":"product_cat","embeddable":true,"href":"https:\/\/lucacastelli.com\/de\/wp-json\/wp\/v2\/product_cat?post=606592"},{"taxonomy":"product_tag","embeddable":true,"href":"https:\/\/lucacastelli.com\/de\/wp-json\/wp\/v2\/product_tag?post=606592"}],"curies":[{"name":"wp","href":"https:\/\/api.w.org\/{rel}","templated":true}]}}