{"id":606589,"date":"2025-08-12T17:59:57","date_gmt":"2025-08-12T15:59:57","guid":{"rendered":"https:\/\/lucacastelli.com\/prodotto\/milwaukee-hammer-mit-flachem-kugelfoermigem-kopf-2\/"},"modified":"2025-08-12T17:59:57","modified_gmt":"2025-08-12T15:59:57","slug":"milwaukee-hammer-mit-flachem-kugelfoermigem-kopf-2","status":"publish","type":"product","link":"https:\/\/lucacastelli.com\/de\/produkt\/milwaukee-hammer-mit-flachem-kugelfoermigem-kopf-2\/","title":{"rendered":"Milwaukee Hammer mit flachem, kugelf\u00f6rmigem Kopf"},"content":{"rendered":"<p>FLAT HEAD\/FLAT PEN 450g<br \/>\nAusgewogenes Design und ein mit Stahlkorn gef\u00fcllter Kopf f\u00fcr bessere Kontrolle; Langlebiges Metall an Kopf und Stift, um Absplitterungen zu verhindern; Stahlverst\u00e4rkter Griff f\u00fcr zus\u00e4tzliche Festigkeit; Overmoulded Grip f\u00fcr besseren Halt<\/p>\n<p>4932492348<br \/>\n4058546417154<\/p>\n","protected":false},"excerpt":{"rendered":"<p>FLACHER KOPF\/FLACHER STIFT 450g<\/p>\n","protected":false},"featured_media":555960,"template":"","meta":{"_seopress_robots_primary_cat":"","_seopress_titles_title":"","_seopress_titles_desc":"","_seopress_robots_index":""},"product_brand":[3656],"product_cat":[150,5529],"product_tag":[3272],"class_list":{"0":"post-606589","1":"product","2":"type-product","3":"status-publish","4":"has-post-thumbnail","6":"product_brand-milwaukee-de","7":"product_cat-ausrustung","8":"product_cat-workshop-tools","9":"product_tag-import-milwau-de","10":"sws-gruppo-macchinari-de","11":"sws-conto-ricavi-merci-rivendita-macchinari-de","12":"sws-gruppo-iva-iva81-de","14":"first","15":"onbackorder","16":"sale","17":"shipping-taxable","18":"purchasable","19":"product-type-simple"},"_links":{"self":[{"href":"https:\/\/lucacastelli.com\/de\/wp-json\/wp\/v2\/product\/606589","targetHints":{"allow":["GET"]}}],"collection":[{"href":"https:\/\/lucacastelli.com\/de\/wp-json\/wp\/v2\/product"}],"about":[{"href":"https:\/\/lucacastelli.com\/de\/wp-json\/wp\/v2\/types\/product"}],"wp:featuredmedia":[{"embeddable":true,"href":"https:\/\/lucacastelli.com\/de\/wp-json\/wp\/v2\/media\/555960"}],"wp:attachment":[{"href":"https:\/\/lucacastelli.com\/de\/wp-json\/wp\/v2\/media?parent=606589"}],"wp:term":[{"taxonomy":"product_brand","embeddable":true,"href":"https:\/\/lucacastelli.com\/de\/wp-json\/wp\/v2\/product_brand?post=606589"},{"taxonomy":"product_cat","embeddable":true,"href":"https:\/\/lucacastelli.com\/de\/wp-json\/wp\/v2\/product_cat?post=606589"},{"taxonomy":"product_tag","embeddable":true,"href":"https:\/\/lucacastelli.com\/de\/wp-json\/wp\/v2\/product_tag?post=606589"}],"curies":[{"name":"wp","href":"https:\/\/api.w.org\/{rel}","templated":true}]}}