{"id":606584,"date":"2025-08-12T18:00:01","date_gmt":"2025-08-12T16:00:01","guid":{"rendered":"https:\/\/lucacastelli.com\/prodotto\/milwaukee-anti-rueckschlag-schlaeger\/"},"modified":"2025-08-12T18:00:01","modified_gmt":"2025-08-12T16:00:01","slug":"milwaukee-anti-rueckschlag-schlaeger","status":"publish","type":"product","link":"https:\/\/lucacastelli.com\/de\/produkt\/milwaukee-anti-rueckschlag-schlaeger\/","title":{"rendered":"Milwaukee Anti-R\u00fcckschlag-Schl\u00e4ger"},"content":{"rendered":"<p>ANTI-RBOUNDING-B\u00dcRSTE 790g<br \/>\nKopf mit Stahlkorn gef\u00fcllt, um den R\u00fcckprall zu reduzieren und den Aufprall zu verst\u00e4rken; Beschichtung, um Oberfl\u00e4chenbesch\u00e4digungen zu vermeiden; ausgewogene Struktur und umspritzter Griff f\u00fcr mehr Grip; stahlverst\u00e4rkter Griff f\u00fcr mehr St\u00e4rke<\/p>\n<p>4932492350<br \/>\n4058546417178<\/p>\n","protected":false},"excerpt":{"rendered":"<p>ANTI-RIPPING-B\u00dcRSTE 790g<\/p>\n","protected":false},"featured_media":555998,"template":"","meta":{"_seopress_robots_primary_cat":"","_seopress_titles_title":"","_seopress_titles_desc":"","_seopress_robots_index":""},"product_brand":[3407],"product_cat":[5416,33],"product_tag":[3270],"class_list":{"0":"post-606584","1":"product","2":"type-product","3":"status-publish","4":"has-post-thumbnail","6":"product_brand-milwaukee","7":"product_cat-utensili-per-officina","8":"product_cat-attrezzature","9":"product_tag-import-milwau","10":"sws-gruppo-macchinari-de","11":"sws-conto-ricavi-merci-rivendita-macchinari-de","12":"sws-gruppo-iva-iva81-de","14":"first","15":"onbackorder","16":"sale","17":"shipping-taxable","18":"purchasable","19":"product-type-simple"},"_links":{"self":[{"href":"https:\/\/lucacastelli.com\/de\/wp-json\/wp\/v2\/product\/606584","targetHints":{"allow":["GET"]}}],"collection":[{"href":"https:\/\/lucacastelli.com\/de\/wp-json\/wp\/v2\/product"}],"about":[{"href":"https:\/\/lucacastelli.com\/de\/wp-json\/wp\/v2\/types\/product"}],"wp:featuredmedia":[{"embeddable":true,"href":"https:\/\/lucacastelli.com\/de\/wp-json\/wp\/v2\/media\/555998"}],"wp:attachment":[{"href":"https:\/\/lucacastelli.com\/de\/wp-json\/wp\/v2\/media?parent=606584"}],"wp:term":[{"taxonomy":"product_brand","embeddable":true,"href":"https:\/\/lucacastelli.com\/de\/wp-json\/wp\/v2\/product_brand?post=606584"},{"taxonomy":"product_cat","embeddable":true,"href":"https:\/\/lucacastelli.com\/de\/wp-json\/wp\/v2\/product_cat?post=606584"},{"taxonomy":"product_tag","embeddable":true,"href":"https:\/\/lucacastelli.com\/de\/wp-json\/wp\/v2\/product_tag?post=606584"}],"curies":[{"name":"wp","href":"https:\/\/api.w.org\/{rel}","templated":true}]}}